{"id":57,"date":"2020-05-26T21:54:10","date_gmt":"2020-05-26T21:54:10","guid":{"rendered":"https:\/\/pasakebab.hu\/szekesfehervar\/?page_id=57"},"modified":"2020-05-26T21:54:10","modified_gmt":"2020-05-26T21:54:10","slug":"impresszum","status":"publish","type":"page","link":"https:\/\/pasakebab.hu\/szekesfehervar\/impresszum\/","title":{"rendered":"Impresszum"},"content":{"rendered":"<p><strong>A weboldalt \u00fczemelteti:<\/strong><\/p>\n<p>UCS RKeepeR Rendszerh\u00e1z Kft.<br \/>\nE-mail:\u00a0<a href=\"mailto:info@ucs.hu\">info@ucs.hu<\/a><\/p>\n<p><strong>K\u00e9sz\u00edtette:<\/strong><br \/>\nMantaRay Design &amp; Development<br \/>\n<a href=\"http:\/\/www.mantaray.hu\" target=\"_blank\" rel=\"noopener noreferrer\"><img loading=\"lazy\" decoding=\"async\" class=\"alignnone wp-image-159 size-full\" src=\"\/wp-content\/uploads\/2020\/05\/mantaray_logo_204x100.png\" alt=\"\" width=\"204\" height=\"100\" \/><\/a><\/p>\n<p>Magyar P\u00e9ter<br \/>\n<a href=\"https:\/\/www.mantaray.hu\/\" target=\"_blank\" rel=\"noopener noreferrer\">www.mantaray.hu<\/a><\/p>\n","protected":false},"excerpt":{"rendered":"<p>A weboldalt \u00fczemelteti: UCS RKeepeR Rendszerh\u00e1z Kft. E-mail:\u00a0info@ucs.hu K\u00e9sz\u00edtette: MantaRay Design &amp; Development Magyar P\u00e9ter www.mantaray.hu<\/p>\n","protected":false},"author":1,"featured_media":0,"parent":0,"menu_order":0,"comment_status":"closed","ping_status":"closed","template":"","meta":{"_acf_changed":false,"_monsterinsights_skip_tracking":false,"_monsterinsights_sitenote_active":false,"_monsterinsights_sitenote_note":"","_monsterinsights_sitenote_category":0,"footnotes":""},"class_list":["post-57","page","type-page","status-publish","hentry"],"yoast_head":"<!-- This site is optimized with the Yoast SEO plugin v26.8 - https:\/\/yoast.com\/product\/yoast-seo-wordpress\/ -->\n<title>Impresszum - Pasa Kebab Sz\u00e9kesfeh\u00e9rv\u00e1r<\/title>\n<meta name=\"robots\" content=\"index, follow, max-snippet:-1, max-image-preview:large, max-video-preview:-1\" \/>\n<link rel=\"canonical\" href=\"https:\/\/pasakebab.hu\/szekesfehervar\/impresszum\/\" \/>\n<meta property=\"og:locale\" content=\"hu_HU\" \/>\n<meta property=\"og:type\" content=\"article\" \/>\n<meta property=\"og:title\" content=\"Impresszum - Pasa Kebab Sz\u00e9kesfeh\u00e9rv\u00e1r\" \/>\n<meta property=\"og:description\" content=\"A weboldalt \u00fczemelteti: UCS RKeepeR Rendszerh\u00e1z Kft. E-mail:\u00a0info@ucs.hu K\u00e9sz\u00edtette: MantaRay Design &amp; Development Magyar P\u00e9ter www.mantaray.hu\" \/>\n<meta property=\"og:url\" content=\"https:\/\/pasakebab.hu\/szekesfehervar\/impresszum\/\" \/>\n<meta property=\"og:site_name\" content=\"Pasa Kebab Sz\u00e9kesfeh\u00e9rv\u00e1r\" \/>\n<meta property=\"article:publisher\" content=\"https:\/\/www.facebook.com\/pasa.kebab.nagymama\/\" \/>\n<meta property=\"og:image\" content=\"https:\/\/pasakebab.hu\/wp-content\/uploads\/2020\/05\/mantaray_logo_204x100.png\" \/>\n<meta name=\"twitter:card\" content=\"summary_large_image\" \/>\n<script type=\"application\/ld+json\" class=\"yoast-schema-graph\">{\"@context\":\"https:\/\/schema.org\",\"@graph\":[{\"@type\":\"WebPage\",\"@id\":\"https:\/\/pasakebab.hu\/szekesfehervar\/impresszum\/\",\"url\":\"https:\/\/pasakebab.hu\/szekesfehervar\/impresszum\/\",\"name\":\"Impresszum - Pasa Kebab Sz\u00e9kesfeh\u00e9rv\u00e1r\",\"isPartOf\":{\"@id\":\"https:\/\/pasakebab.hu\/szekesfehervar\/#website\"},\"datePublished\":\"2020-05-26T21:54:10+00:00\",\"breadcrumb\":{\"@id\":\"https:\/\/pasakebab.hu\/szekesfehervar\/impresszum\/#breadcrumb\"},\"inLanguage\":\"hu\",\"potentialAction\":[{\"@type\":\"ReadAction\",\"target\":[\"https:\/\/pasakebab.hu\/szekesfehervar\/impresszum\/\"]}]},{\"@type\":\"BreadcrumbList\",\"@id\":\"https:\/\/pasakebab.hu\/szekesfehervar\/impresszum\/#breadcrumb\",\"itemListElement\":[{\"@type\":\"ListItem\",\"position\":1,\"name\":\"Home\",\"item\":\"https:\/\/pasakebab.hu\/szekesfehervar\/\"},{\"@type\":\"ListItem\",\"position\":2,\"name\":\"Impresszum\"}]},{\"@type\":\"WebSite\",\"@id\":\"https:\/\/pasakebab.hu\/szekesfehervar\/#website\",\"url\":\"https:\/\/pasakebab.hu\/szekesfehervar\/\",\"name\":\"Pasa Kebab Sz\u00e9kesfeh\u00e9rv\u00e1r\",\"description\":\"Kebab, D\u00f6ner &amp; Pizza\",\"publisher\":{\"@id\":\"https:\/\/pasakebab.hu\/szekesfehervar\/#organization\"},\"potentialAction\":[{\"@type\":\"SearchAction\",\"target\":{\"@type\":\"EntryPoint\",\"urlTemplate\":\"https:\/\/pasakebab.hu\/szekesfehervar\/?s={search_term_string}\"},\"query-input\":{\"@type\":\"PropertyValueSpecification\",\"valueRequired\":true,\"valueName\":\"search_term_string\"}}],\"inLanguage\":\"hu\"},{\"@type\":\"Organization\",\"@id\":\"https:\/\/pasakebab.hu\/szekesfehervar\/#organization\",\"name\":\"Pasa Kebab D\u00f6ner & Pizza\",\"url\":\"https:\/\/pasakebab.hu\/szekesfehervar\/\",\"logo\":{\"@type\":\"ImageObject\",\"inLanguage\":\"hu\",\"@id\":\"https:\/\/pasakebab.hu\/szekesfehervar\/#\/schema\/logo\/image\/\",\"url\":\"https:\/\/pasakebab.delivery.ucs.hu\/szekesfehervar\/wp-content\/uploads\/sites\/5\/2020\/05\/pasakebab_logo_email.png\",\"contentUrl\":\"https:\/\/pasakebab.delivery.ucs.hu\/szekesfehervar\/wp-content\/uploads\/sites\/5\/2020\/05\/pasakebab_logo_email.png\",\"width\":500,\"height\":69,\"caption\":\"Pasa Kebab D\u00f6ner & Pizza\"},\"image\":{\"@id\":\"https:\/\/pasakebab.hu\/szekesfehervar\/#\/schema\/logo\/image\/\"},\"sameAs\":[\"https:\/\/www.facebook.com\/pasa.kebab.nagymama\/\",\"https:\/\/www.instagram.com\/pasakebab\/\"]}]}<\/script>\n<!-- \/ Yoast SEO plugin. -->","yoast_head_json":{"title":"Impresszum - Pasa Kebab Sz\u00e9kesfeh\u00e9rv\u00e1r","robots":{"index":"index","follow":"follow","max-snippet":"max-snippet:-1","max-image-preview":"max-image-preview:large","max-video-preview":"max-video-preview:-1"},"canonical":"https:\/\/pasakebab.hu\/szekesfehervar\/impresszum\/","og_locale":"hu_HU","og_type":"article","og_title":"Impresszum - Pasa Kebab Sz\u00e9kesfeh\u00e9rv\u00e1r","og_description":"A weboldalt \u00fczemelteti: UCS RKeepeR Rendszerh\u00e1z Kft. E-mail:\u00a0info@ucs.hu K\u00e9sz\u00edtette: MantaRay Design &amp; Development Magyar P\u00e9ter www.mantaray.hu","og_url":"https:\/\/pasakebab.hu\/szekesfehervar\/impresszum\/","og_site_name":"Pasa Kebab Sz\u00e9kesfeh\u00e9rv\u00e1r","article_publisher":"https:\/\/www.facebook.com\/pasa.kebab.nagymama\/","og_image":[{"url":"https:\/\/pasakebab.hu\/wp-content\/uploads\/2020\/05\/mantaray_logo_204x100.png","type":"","width":"","height":""}],"twitter_card":"summary_large_image","schema":{"@context":"https:\/\/schema.org","@graph":[{"@type":"WebPage","@id":"https:\/\/pasakebab.hu\/szekesfehervar\/impresszum\/","url":"https:\/\/pasakebab.hu\/szekesfehervar\/impresszum\/","name":"Impresszum - Pasa Kebab Sz\u00e9kesfeh\u00e9rv\u00e1r","isPartOf":{"@id":"https:\/\/pasakebab.hu\/szekesfehervar\/#website"},"datePublished":"2020-05-26T21:54:10+00:00","breadcrumb":{"@id":"https:\/\/pasakebab.hu\/szekesfehervar\/impresszum\/#breadcrumb"},"inLanguage":"hu","potentialAction":[{"@type":"ReadAction","target":["https:\/\/pasakebab.hu\/szekesfehervar\/impresszum\/"]}]},{"@type":"BreadcrumbList","@id":"https:\/\/pasakebab.hu\/szekesfehervar\/impresszum\/#breadcrumb","itemListElement":[{"@type":"ListItem","position":1,"name":"Home","item":"https:\/\/pasakebab.hu\/szekesfehervar\/"},{"@type":"ListItem","position":2,"name":"Impresszum"}]},{"@type":"WebSite","@id":"https:\/\/pasakebab.hu\/szekesfehervar\/#website","url":"https:\/\/pasakebab.hu\/szekesfehervar\/","name":"Pasa Kebab Sz\u00e9kesfeh\u00e9rv\u00e1r","description":"Kebab, D\u00f6ner &amp; Pizza","publisher":{"@id":"https:\/\/pasakebab.hu\/szekesfehervar\/#organization"},"potentialAction":[{"@type":"SearchAction","target":{"@type":"EntryPoint","urlTemplate":"https:\/\/pasakebab.hu\/szekesfehervar\/?s={search_term_string}"},"query-input":{"@type":"PropertyValueSpecification","valueRequired":true,"valueName":"search_term_string"}}],"inLanguage":"hu"},{"@type":"Organization","@id":"https:\/\/pasakebab.hu\/szekesfehervar\/#organization","name":"Pasa Kebab D\u00f6ner & Pizza","url":"https:\/\/pasakebab.hu\/szekesfehervar\/","logo":{"@type":"ImageObject","inLanguage":"hu","@id":"https:\/\/pasakebab.hu\/szekesfehervar\/#\/schema\/logo\/image\/","url":"https:\/\/pasakebab.delivery.ucs.hu\/szekesfehervar\/wp-content\/uploads\/sites\/5\/2020\/05\/pasakebab_logo_email.png","contentUrl":"https:\/\/pasakebab.delivery.ucs.hu\/szekesfehervar\/wp-content\/uploads\/sites\/5\/2020\/05\/pasakebab_logo_email.png","width":500,"height":69,"caption":"Pasa Kebab D\u00f6ner & Pizza"},"image":{"@id":"https:\/\/pasakebab.hu\/szekesfehervar\/#\/schema\/logo\/image\/"},"sameAs":["https:\/\/www.facebook.com\/pasa.kebab.nagymama\/","https:\/\/www.instagram.com\/pasakebab\/"]}]}},"acf":[],"_links":{"self":[{"href":"https:\/\/pasakebab.hu\/szekesfehervar\/wp-json\/wp\/v2\/pages\/57","targetHints":{"allow":["GET"]}}],"collection":[{"href":"https:\/\/pasakebab.hu\/szekesfehervar\/wp-json\/wp\/v2\/pages"}],"about":[{"href":"https:\/\/pasakebab.hu\/szekesfehervar\/wp-json\/wp\/v2\/types\/page"}],"author":[{"embeddable":true,"href":"https:\/\/pasakebab.hu\/szekesfehervar\/wp-json\/wp\/v2\/users\/1"}],"replies":[{"embeddable":true,"href":"https:\/\/pasakebab.hu\/szekesfehervar\/wp-json\/wp\/v2\/comments?post=57"}],"version-history":[{"count":1,"href":"https:\/\/pasakebab.hu\/szekesfehervar\/wp-json\/wp\/v2\/pages\/57\/revisions"}],"predecessor-version":[{"id":58,"href":"https:\/\/pasakebab.hu\/szekesfehervar\/wp-json\/wp\/v2\/pages\/57\/revisions\/58"}],"wp:attachment":[{"href":"https:\/\/pasakebab.hu\/szekesfehervar\/wp-json\/wp\/v2\/media?parent=57"}],"curies":[{"name":"wp","href":"https:\/\/api.w.org\/{rel}","templated":true}]}}