{"id":14184,"date":"2021-03-16T19:09:17","date_gmt":"2021-03-16T18:09:17","guid":{"rendered":"https:\/\/pasakebab.hu\/szekesfehervar\/?post_type=product&#038;p=14184"},"modified":"2025-12-04T11:46:42","modified_gmt":"2025-12-04T10:46:42","slug":"falafeles-durum-menuben","status":"publish","type":"product","link":"https:\/\/pasakebab.hu\/szekesfehervar\/termek\/falafeles-durum-menuben\/","title":{"rendered":"Falafeles D\u00fcr\u00fcm men\u00fcben"},"content":{"rendered":"","protected":false},"excerpt":{"rendered":"<p>\u00c9rdekess\u00e9ge, hogy nem pit\u00e1ban, hanem\u00a0 tortilla t\u00e9szt\u00e1ba tekerj\u00fck fel a forr\u00f3 falafelt, speci\u00e1lis \u00f6ntettel \u00e9s friss z\u00f6lds\u00e9gekkel (sal\u00e1ta,paradicsom, k\u00e1poszta, lilahagyma,uborka) t\u00e1laljuk, cs\u00edp\u0151s chili paprik\u00e1val f\u0171szerezz\u00fck.<\/p>\n<p>A men\u00fc tartalmazza a v\u00e1lasztott d\u00fcr\u00fcm\u00f6t, \u00fcd\u00edt\u0151t \u00e9s has\u00e1bburgony\u00e1t!<\/p>\n","protected":false},"featured_media":156754,"template":"","meta":{"_acf_changed":false,"_monsterinsights_skip_tracking":false,"_monsterinsights_sitenote_active":false,"_monsterinsights_sitenote_note":"","_monsterinsights_sitenote_category":0},"product_brand":[],"product_cat":[788],"product_tag":[],"class_list":{"0":"post-14184","1":"product","2":"type-product","3":"status-publish","4":"has-post-thumbnail","6":"product_cat-durum-menu","8":"first","9":"instock","10":"shipping-taxable","11":"product-type-simple"},"yoast_head":"<!-- This site is optimized with the Yoast SEO plugin v26.8 - https:\/\/yoast.com\/product\/yoast-seo-wordpress\/ -->\n<title>Falafeles D\u00fcr\u00fcm men\u00fcben - Pasa Kebab Sz\u00e9kesfeh\u00e9rv\u00e1r<\/title>\n<meta name=\"robots\" content=\"index, follow, max-snippet:-1, max-image-preview:large, max-video-preview:-1\" \/>\n<link rel=\"canonical\" href=\"https:\/\/pasakebab.hu\/szekesfehervar\/termek\/falafeles-durum-menuben\/\" \/>\n<meta property=\"og:locale\" content=\"hu_HU\" \/>\n<meta property=\"og:type\" content=\"article\" \/>\n<meta property=\"og:title\" content=\"Falafeles D\u00fcr\u00fcm men\u00fcben - Pasa Kebab Sz\u00e9kesfeh\u00e9rv\u00e1r\" \/>\n<meta property=\"og:description\" content=\"\u00c9rdekess\u00e9ge, hogy nem pit\u00e1ban, hanem\u00a0 tortilla t\u00e9szt\u00e1ba tekerj\u00fck fel a forr\u00f3 falafelt, speci\u00e1lis \u00f6ntettel \u00e9s friss z\u00f6lds\u00e9gekkel (sal\u00e1ta,paradicsom, k\u00e1poszta, lilahagyma,uborka) t\u00e1laljuk, cs\u00edp\u0151s chili paprik\u00e1val f\u0171szerezz\u00fck.  A men\u00fc tartalmazza a v\u00e1lasztott d\u00fcr\u00fcm\u00f6t, \u00fcd\u00edt\u0151t \u00e9s has\u00e1bburgony\u00e1t!\" \/>\n<meta property=\"og:url\" content=\"https:\/\/pasakebab.hu\/szekesfehervar\/termek\/falafeles-durum-menuben\/\" \/>\n<meta property=\"og:site_name\" content=\"Pasa Kebab Sz\u00e9kesfeh\u00e9rv\u00e1r\" \/>\n<meta property=\"article:publisher\" content=\"https:\/\/www.facebook.com\/pasa.kebab.nagymama\/\" \/>\n<meta property=\"article:modified_time\" content=\"2025-12-04T10:46:42+00:00\" \/>\n<meta property=\"og:image\" content=\"https:\/\/pasakebab.hu\/szekesfehervar\/wp-content\/uploads\/sites\/5\/2024\/11\/IMG_0978.jpeg\" \/>\n\t<meta property=\"og:image:width\" content=\"1663\" \/>\n\t<meta property=\"og:image:height\" content=\"1318\" \/>\n\t<meta property=\"og:image:type\" content=\"image\/jpeg\" \/>\n<meta name=\"twitter:card\" content=\"summary_large_image\" \/>\n<meta name=\"twitter:label1\" content=\"Becs\u00fclt olvas\u00e1si id\u0151\" \/>\n\t<meta name=\"twitter:data1\" content=\"1 perc\" \/>\n<script type=\"application\/ld+json\" class=\"yoast-schema-graph\">{\"@context\":\"https:\/\/schema.org\",\"@graph\":[{\"@type\":\"WebPage\",\"@id\":\"https:\/\/pasakebab.hu\/szekesfehervar\/termek\/falafeles-durum-menuben\/\",\"url\":\"https:\/\/pasakebab.hu\/szekesfehervar\/termek\/falafeles-durum-menuben\/\",\"name\":\"Falafeles D\u00fcr\u00fcm men\u00fcben - Pasa Kebab Sz\u00e9kesfeh\u00e9rv\u00e1r\",\"isPartOf\":{\"@id\":\"https:\/\/pasakebab.hu\/szekesfehervar\/#website\"},\"primaryImageOfPage\":{\"@id\":\"https:\/\/pasakebab.hu\/szekesfehervar\/termek\/falafeles-durum-menuben\/#primaryimage\"},\"image\":{\"@id\":\"https:\/\/pasakebab.hu\/szekesfehervar\/termek\/falafeles-durum-menuben\/#primaryimage\"},\"thumbnailUrl\":\"https:\/\/pasakebab.hu\/szekesfehervar\/wp-content\/uploads\/sites\/5\/2024\/11\/IMG_0978.jpeg\",\"datePublished\":\"2021-03-16T18:09:17+00:00\",\"dateModified\":\"2025-12-04T10:46:42+00:00\",\"breadcrumb\":{\"@id\":\"https:\/\/pasakebab.hu\/szekesfehervar\/termek\/falafeles-durum-menuben\/#breadcrumb\"},\"inLanguage\":\"hu\",\"potentialAction\":[{\"@type\":\"ReadAction\",\"target\":[\"https:\/\/pasakebab.hu\/szekesfehervar\/termek\/falafeles-durum-menuben\/\"]}]},{\"@type\":\"ImageObject\",\"inLanguage\":\"hu\",\"@id\":\"https:\/\/pasakebab.hu\/szekesfehervar\/termek\/falafeles-durum-menuben\/#primaryimage\",\"url\":\"https:\/\/pasakebab.hu\/szekesfehervar\/wp-content\/uploads\/sites\/5\/2024\/11\/IMG_0978.jpeg\",\"contentUrl\":\"https:\/\/pasakebab.hu\/szekesfehervar\/wp-content\/uploads\/sites\/5\/2024\/11\/IMG_0978.jpeg\",\"width\":1663,\"height\":1318},{\"@type\":\"BreadcrumbList\",\"@id\":\"https:\/\/pasakebab.hu\/szekesfehervar\/termek\/falafeles-durum-menuben\/#breadcrumb\",\"itemListElement\":[{\"@type\":\"ListItem\",\"position\":1,\"name\":\"Home\",\"item\":\"https:\/\/pasakebab.hu\/szekesfehervar\/\"},{\"@type\":\"ListItem\",\"position\":2,\"name\":\"\u00c9tel rendel\u00e9s\",\"item\":\"https:\/\/pasakebab.hu\/szekesfehervar\/\"},{\"@type\":\"ListItem\",\"position\":3,\"name\":\"Falafeles D\u00fcr\u00fcm men\u00fcben\"}]},{\"@type\":\"WebSite\",\"@id\":\"https:\/\/pasakebab.hu\/szekesfehervar\/#website\",\"url\":\"https:\/\/pasakebab.hu\/szekesfehervar\/\",\"name\":\"Pasa Kebab Sz\u00e9kesfeh\u00e9rv\u00e1r\",\"description\":\"Kebab, D\u00f6ner &amp; Pizza\",\"publisher\":{\"@id\":\"https:\/\/pasakebab.hu\/szekesfehervar\/#organization\"},\"potentialAction\":[{\"@type\":\"SearchAction\",\"target\":{\"@type\":\"EntryPoint\",\"urlTemplate\":\"https:\/\/pasakebab.hu\/szekesfehervar\/?s={search_term_string}\"},\"query-input\":{\"@type\":\"PropertyValueSpecification\",\"valueRequired\":true,\"valueName\":\"search_term_string\"}}],\"inLanguage\":\"hu\"},{\"@type\":\"Organization\",\"@id\":\"https:\/\/pasakebab.hu\/szekesfehervar\/#organization\",\"name\":\"Pasa Kebab D\u00f6ner & Pizza\",\"url\":\"https:\/\/pasakebab.hu\/szekesfehervar\/\",\"logo\":{\"@type\":\"ImageObject\",\"inLanguage\":\"hu\",\"@id\":\"https:\/\/pasakebab.hu\/szekesfehervar\/#\/schema\/logo\/image\/\",\"url\":\"https:\/\/pasakebab.delivery.ucs.hu\/szekesfehervar\/wp-content\/uploads\/sites\/5\/2020\/05\/pasakebab_logo_email.png\",\"contentUrl\":\"https:\/\/pasakebab.delivery.ucs.hu\/szekesfehervar\/wp-content\/uploads\/sites\/5\/2020\/05\/pasakebab_logo_email.png\",\"width\":500,\"height\":69,\"caption\":\"Pasa Kebab D\u00f6ner & Pizza\"},\"image\":{\"@id\":\"https:\/\/pasakebab.hu\/szekesfehervar\/#\/schema\/logo\/image\/\"},\"sameAs\":[\"https:\/\/www.facebook.com\/pasa.kebab.nagymama\/\",\"https:\/\/www.instagram.com\/pasakebab\/\"]}]}<\/script>\n<!-- \/ Yoast SEO plugin. -->","yoast_head_json":{"title":"Falafeles D\u00fcr\u00fcm men\u00fcben - Pasa Kebab Sz\u00e9kesfeh\u00e9rv\u00e1r","robots":{"index":"index","follow":"follow","max-snippet":"max-snippet:-1","max-image-preview":"max-image-preview:large","max-video-preview":"max-video-preview:-1"},"canonical":"https:\/\/pasakebab.hu\/szekesfehervar\/termek\/falafeles-durum-menuben\/","og_locale":"hu_HU","og_type":"article","og_title":"Falafeles D\u00fcr\u00fcm men\u00fcben - Pasa Kebab Sz\u00e9kesfeh\u00e9rv\u00e1r","og_description":"\u00c9rdekess\u00e9ge, hogy nem pit\u00e1ban, hanem\u00a0 tortilla t\u00e9szt\u00e1ba tekerj\u00fck fel a forr\u00f3 falafelt, speci\u00e1lis \u00f6ntettel \u00e9s friss z\u00f6lds\u00e9gekkel (sal\u00e1ta,paradicsom, k\u00e1poszta, lilahagyma,uborka) t\u00e1laljuk, cs\u00edp\u0151s chili paprik\u00e1val f\u0171szerezz\u00fck.  A men\u00fc tartalmazza a v\u00e1lasztott d\u00fcr\u00fcm\u00f6t, \u00fcd\u00edt\u0151t \u00e9s has\u00e1bburgony\u00e1t!","og_url":"https:\/\/pasakebab.hu\/szekesfehervar\/termek\/falafeles-durum-menuben\/","og_site_name":"Pasa Kebab Sz\u00e9kesfeh\u00e9rv\u00e1r","article_publisher":"https:\/\/www.facebook.com\/pasa.kebab.nagymama\/","article_modified_time":"2025-12-04T10:46:42+00:00","og_image":[{"width":1663,"height":1318,"url":"https:\/\/pasakebab.hu\/szekesfehervar\/wp-content\/uploads\/sites\/5\/2024\/11\/IMG_0978.jpeg","type":"image\/jpeg"}],"twitter_card":"summary_large_image","twitter_misc":{"Becs\u00fclt olvas\u00e1si id\u0151":"1 perc"},"schema":{"@context":"https:\/\/schema.org","@graph":[{"@type":"WebPage","@id":"https:\/\/pasakebab.hu\/szekesfehervar\/termek\/falafeles-durum-menuben\/","url":"https:\/\/pasakebab.hu\/szekesfehervar\/termek\/falafeles-durum-menuben\/","name":"Falafeles D\u00fcr\u00fcm men\u00fcben - Pasa Kebab Sz\u00e9kesfeh\u00e9rv\u00e1r","isPartOf":{"@id":"https:\/\/pasakebab.hu\/szekesfehervar\/#website"},"primaryImageOfPage":{"@id":"https:\/\/pasakebab.hu\/szekesfehervar\/termek\/falafeles-durum-menuben\/#primaryimage"},"image":{"@id":"https:\/\/pasakebab.hu\/szekesfehervar\/termek\/falafeles-durum-menuben\/#primaryimage"},"thumbnailUrl":"https:\/\/pasakebab.hu\/szekesfehervar\/wp-content\/uploads\/sites\/5\/2024\/11\/IMG_0978.jpeg","datePublished":"2021-03-16T18:09:17+00:00","dateModified":"2025-12-04T10:46:42+00:00","breadcrumb":{"@id":"https:\/\/pasakebab.hu\/szekesfehervar\/termek\/falafeles-durum-menuben\/#breadcrumb"},"inLanguage":"hu","potentialAction":[{"@type":"ReadAction","target":["https:\/\/pasakebab.hu\/szekesfehervar\/termek\/falafeles-durum-menuben\/"]}]},{"@type":"ImageObject","inLanguage":"hu","@id":"https:\/\/pasakebab.hu\/szekesfehervar\/termek\/falafeles-durum-menuben\/#primaryimage","url":"https:\/\/pasakebab.hu\/szekesfehervar\/wp-content\/uploads\/sites\/5\/2024\/11\/IMG_0978.jpeg","contentUrl":"https:\/\/pasakebab.hu\/szekesfehervar\/wp-content\/uploads\/sites\/5\/2024\/11\/IMG_0978.jpeg","width":1663,"height":1318},{"@type":"BreadcrumbList","@id":"https:\/\/pasakebab.hu\/szekesfehervar\/termek\/falafeles-durum-menuben\/#breadcrumb","itemListElement":[{"@type":"ListItem","position":1,"name":"Home","item":"https:\/\/pasakebab.hu\/szekesfehervar\/"},{"@type":"ListItem","position":2,"name":"\u00c9tel rendel\u00e9s","item":"https:\/\/pasakebab.hu\/szekesfehervar\/"},{"@type":"ListItem","position":3,"name":"Falafeles D\u00fcr\u00fcm men\u00fcben"}]},{"@type":"WebSite","@id":"https:\/\/pasakebab.hu\/szekesfehervar\/#website","url":"https:\/\/pasakebab.hu\/szekesfehervar\/","name":"Pasa Kebab Sz\u00e9kesfeh\u00e9rv\u00e1r","description":"Kebab, D\u00f6ner &amp; Pizza","publisher":{"@id":"https:\/\/pasakebab.hu\/szekesfehervar\/#organization"},"potentialAction":[{"@type":"SearchAction","target":{"@type":"EntryPoint","urlTemplate":"https:\/\/pasakebab.hu\/szekesfehervar\/?s={search_term_string}"},"query-input":{"@type":"PropertyValueSpecification","valueRequired":true,"valueName":"search_term_string"}}],"inLanguage":"hu"},{"@type":"Organization","@id":"https:\/\/pasakebab.hu\/szekesfehervar\/#organization","name":"Pasa Kebab D\u00f6ner & Pizza","url":"https:\/\/pasakebab.hu\/szekesfehervar\/","logo":{"@type":"ImageObject","inLanguage":"hu","@id":"https:\/\/pasakebab.hu\/szekesfehervar\/#\/schema\/logo\/image\/","url":"https:\/\/pasakebab.delivery.ucs.hu\/szekesfehervar\/wp-content\/uploads\/sites\/5\/2020\/05\/pasakebab_logo_email.png","contentUrl":"https:\/\/pasakebab.delivery.ucs.hu\/szekesfehervar\/wp-content\/uploads\/sites\/5\/2020\/05\/pasakebab_logo_email.png","width":500,"height":69,"caption":"Pasa Kebab D\u00f6ner & Pizza"},"image":{"@id":"https:\/\/pasakebab.hu\/szekesfehervar\/#\/schema\/logo\/image\/"},"sameAs":["https:\/\/www.facebook.com\/pasa.kebab.nagymama\/","https:\/\/www.instagram.com\/pasakebab\/"]}]}},"acf":[],"_links":{"self":[{"href":"https:\/\/pasakebab.hu\/szekesfehervar\/wp-json\/wp\/v2\/product\/14184","targetHints":{"allow":["GET"]}}],"collection":[{"href":"https:\/\/pasakebab.hu\/szekesfehervar\/wp-json\/wp\/v2\/product"}],"about":[{"href":"https:\/\/pasakebab.hu\/szekesfehervar\/wp-json\/wp\/v2\/types\/product"}],"wp:featuredmedia":[{"embeddable":true,"href":"https:\/\/pasakebab.hu\/szekesfehervar\/wp-json\/wp\/v2\/media\/156754"}],"wp:attachment":[{"href":"https:\/\/pasakebab.hu\/szekesfehervar\/wp-json\/wp\/v2\/media?parent=14184"}],"wp:term":[{"taxonomy":"product_brand","embeddable":true,"href":"https:\/\/pasakebab.hu\/szekesfehervar\/wp-json\/wp\/v2\/product_brand?post=14184"},{"taxonomy":"product_cat","embeddable":true,"href":"https:\/\/pasakebab.hu\/szekesfehervar\/wp-json\/wp\/v2\/product_cat?post=14184"},{"taxonomy":"product_tag","embeddable":true,"href":"https:\/\/pasakebab.hu\/szekesfehervar\/wp-json\/wp\/v2\/product_tag?post=14184"}],"curies":[{"name":"wp","href":"https:\/\/api.w.org\/{rel}","templated":true}]}}