{"id":14237,"date":"2021-03-16T19:09:18","date_gmt":"2021-03-16T18:09:18","guid":{"rendered":"https:\/\/pasakebab.hu\/szekesfehervar\/termek\/rantott-sajtos-kebabtal-menu\/"},"modified":"2025-12-04T11:46:43","modified_gmt":"2025-12-04T10:46:43","slug":"rantott-sajtos-kebabtal-menu","status":"publish","type":"product","link":"https:\/\/pasakebab.hu\/szekesfehervar\/termek\/rantott-sajtos-kebabtal-menu\/","title":{"rendered":"R\u00e1ntott sajtos kebabt\u00e1l men\u00fc"},"content":{"rendered":"","protected":false},"excerpt":{"rendered":"<p>A forr\u00f3 r\u00e1ntott sajtot k\u00f6rettel, speci\u00e1lis sz\u00f3sszal \u00e9s friss z\u00f6lds\u00e9gekkel (sal\u00e1ta,paradicsom,k\u00e1poszta, lilahagyma, uborka) t\u00e1laljuk, cs\u00edp\u0151s chili paprik\u00e1val f\u0171szerezz\u00fck.<\/p>\n<p>A men\u00fc tartalmazza a v\u00e1lasztott kebabt\u00e1lat, \u00fcd\u00edt\u0151t \u00e9s deszertet!<\/p>\n","protected":false},"featured_media":10852,"template":"","meta":{"_acf_changed":false,"_monsterinsights_skip_tracking":false,"_monsterinsights_sitenote_active":false,"_monsterinsights_sitenote_note":"","_monsterinsights_sitenote_category":0},"product_brand":[],"product_cat":[789],"product_tag":[],"class_list":{"0":"post-14237","1":"product","2":"type-product","3":"status-publish","4":"has-post-thumbnail","6":"product_cat-kebabtal-menu","8":"first","9":"instock","10":"shipping-taxable","11":"purchasable","12":"product-type-simple"},"yoast_head":"<!-- This site is optimized with the Yoast SEO plugin v26.8 - https:\/\/yoast.com\/product\/yoast-seo-wordpress\/ -->\n<title>R\u00e1ntott sajtos kebabt\u00e1l men\u00fc - Pasa Kebab Sz\u00e9kesfeh\u00e9rv\u00e1r<\/title>\n<meta name=\"robots\" content=\"index, follow, max-snippet:-1, max-image-preview:large, max-video-preview:-1\" \/>\n<link rel=\"canonical\" href=\"https:\/\/pasakebab.hu\/szekesfehervar\/termek\/rantott-sajtos-kebabtal-menu\/\" \/>\n<meta property=\"og:locale\" content=\"hu_HU\" \/>\n<meta property=\"og:type\" content=\"article\" \/>\n<meta property=\"og:title\" content=\"R\u00e1ntott sajtos kebabt\u00e1l men\u00fc - Pasa Kebab Sz\u00e9kesfeh\u00e9rv\u00e1r\" \/>\n<meta property=\"og:description\" content=\"A forr\u00f3 r\u00e1ntott sajtot k\u00f6rettel, speci\u00e1lis sz\u00f3sszal \u00e9s friss z\u00f6lds\u00e9gekkel (sal\u00e1ta,paradicsom,k\u00e1poszta, lilahagyma, uborka) t\u00e1laljuk, cs\u00edp\u0151s chili paprik\u00e1val f\u0171szerezz\u00fck.  A men\u00fc tartalmazza a v\u00e1lasztott kebabt\u00e1lat, \u00fcd\u00edt\u0151t \u00e9s deszertet!\" \/>\n<meta property=\"og:url\" content=\"https:\/\/pasakebab.hu\/szekesfehervar\/termek\/rantott-sajtos-kebabtal-menu\/\" \/>\n<meta property=\"og:site_name\" content=\"Pasa Kebab Sz\u00e9kesfeh\u00e9rv\u00e1r\" \/>\n<meta property=\"article:publisher\" content=\"https:\/\/www.facebook.com\/pasa.kebab.nagymama\/\" \/>\n<meta property=\"article:modified_time\" content=\"2025-12-04T10:46:43+00:00\" \/>\n<meta property=\"og:image\" content=\"https:\/\/pasakebab.hu\/szekesfehervar\/wp-content\/uploads\/sites\/5\/2021\/02\/kebab-tal-menu.jpg\" \/>\n\t<meta property=\"og:image:width\" content=\"596\" \/>\n\t<meta property=\"og:image:height\" content=\"482\" \/>\n\t<meta property=\"og:image:type\" content=\"image\/jpeg\" \/>\n<meta name=\"twitter:card\" content=\"summary_large_image\" \/>\n<script type=\"application\/ld+json\" class=\"yoast-schema-graph\">{\"@context\":\"https:\/\/schema.org\",\"@graph\":[{\"@type\":\"WebPage\",\"@id\":\"https:\/\/pasakebab.hu\/szekesfehervar\/termek\/rantott-sajtos-kebabtal-menu\/\",\"url\":\"https:\/\/pasakebab.hu\/szekesfehervar\/termek\/rantott-sajtos-kebabtal-menu\/\",\"name\":\"R\u00e1ntott sajtos kebabt\u00e1l men\u00fc - Pasa Kebab Sz\u00e9kesfeh\u00e9rv\u00e1r\",\"isPartOf\":{\"@id\":\"https:\/\/pasakebab.hu\/szekesfehervar\/#website\"},\"primaryImageOfPage\":{\"@id\":\"https:\/\/pasakebab.hu\/szekesfehervar\/termek\/rantott-sajtos-kebabtal-menu\/#primaryimage\"},\"image\":{\"@id\":\"https:\/\/pasakebab.hu\/szekesfehervar\/termek\/rantott-sajtos-kebabtal-menu\/#primaryimage\"},\"thumbnailUrl\":\"https:\/\/pasakebab.hu\/szekesfehervar\/wp-content\/uploads\/sites\/5\/2021\/02\/kebab-tal-menu.jpg\",\"datePublished\":\"2021-03-16T18:09:18+00:00\",\"dateModified\":\"2025-12-04T10:46:43+00:00\",\"breadcrumb\":{\"@id\":\"https:\/\/pasakebab.hu\/szekesfehervar\/termek\/rantott-sajtos-kebabtal-menu\/#breadcrumb\"},\"inLanguage\":\"hu\",\"potentialAction\":[{\"@type\":\"ReadAction\",\"target\":[\"https:\/\/pasakebab.hu\/szekesfehervar\/termek\/rantott-sajtos-kebabtal-menu\/\"]}]},{\"@type\":\"ImageObject\",\"inLanguage\":\"hu\",\"@id\":\"https:\/\/pasakebab.hu\/szekesfehervar\/termek\/rantott-sajtos-kebabtal-menu\/#primaryimage\",\"url\":\"https:\/\/pasakebab.hu\/szekesfehervar\/wp-content\/uploads\/sites\/5\/2021\/02\/kebab-tal-menu.jpg\",\"contentUrl\":\"https:\/\/pasakebab.hu\/szekesfehervar\/wp-content\/uploads\/sites\/5\/2021\/02\/kebab-tal-menu.jpg\",\"width\":596,\"height\":482},{\"@type\":\"BreadcrumbList\",\"@id\":\"https:\/\/pasakebab.hu\/szekesfehervar\/termek\/rantott-sajtos-kebabtal-menu\/#breadcrumb\",\"itemListElement\":[{\"@type\":\"ListItem\",\"position\":1,\"name\":\"Home\",\"item\":\"https:\/\/pasakebab.hu\/szekesfehervar\/\"},{\"@type\":\"ListItem\",\"position\":2,\"name\":\"\u00c9tel rendel\u00e9s\",\"item\":\"https:\/\/pasakebab.hu\/szekesfehervar\/\"},{\"@type\":\"ListItem\",\"position\":3,\"name\":\"R\u00e1ntott sajtos kebabt\u00e1l men\u00fc\"}]},{\"@type\":\"WebSite\",\"@id\":\"https:\/\/pasakebab.hu\/szekesfehervar\/#website\",\"url\":\"https:\/\/pasakebab.hu\/szekesfehervar\/\",\"name\":\"Pasa Kebab Sz\u00e9kesfeh\u00e9rv\u00e1r\",\"description\":\"Kebab, D\u00f6ner &amp; Pizza\",\"publisher\":{\"@id\":\"https:\/\/pasakebab.hu\/szekesfehervar\/#organization\"},\"potentialAction\":[{\"@type\":\"SearchAction\",\"target\":{\"@type\":\"EntryPoint\",\"urlTemplate\":\"https:\/\/pasakebab.hu\/szekesfehervar\/?s={search_term_string}\"},\"query-input\":{\"@type\":\"PropertyValueSpecification\",\"valueRequired\":true,\"valueName\":\"search_term_string\"}}],\"inLanguage\":\"hu\"},{\"@type\":\"Organization\",\"@id\":\"https:\/\/pasakebab.hu\/szekesfehervar\/#organization\",\"name\":\"Pasa Kebab D\u00f6ner & Pizza\",\"url\":\"https:\/\/pasakebab.hu\/szekesfehervar\/\",\"logo\":{\"@type\":\"ImageObject\",\"inLanguage\":\"hu\",\"@id\":\"https:\/\/pasakebab.hu\/szekesfehervar\/#\/schema\/logo\/image\/\",\"url\":\"https:\/\/pasakebab.delivery.ucs.hu\/szekesfehervar\/wp-content\/uploads\/sites\/5\/2020\/05\/pasakebab_logo_email.png\",\"contentUrl\":\"https:\/\/pasakebab.delivery.ucs.hu\/szekesfehervar\/wp-content\/uploads\/sites\/5\/2020\/05\/pasakebab_logo_email.png\",\"width\":500,\"height\":69,\"caption\":\"Pasa Kebab D\u00f6ner & Pizza\"},\"image\":{\"@id\":\"https:\/\/pasakebab.hu\/szekesfehervar\/#\/schema\/logo\/image\/\"},\"sameAs\":[\"https:\/\/www.facebook.com\/pasa.kebab.nagymama\/\",\"https:\/\/www.instagram.com\/pasakebab\/\"]}]}<\/script>\n<!-- \/ Yoast SEO plugin. -->","yoast_head_json":{"title":"R\u00e1ntott sajtos kebabt\u00e1l men\u00fc - Pasa Kebab Sz\u00e9kesfeh\u00e9rv\u00e1r","robots":{"index":"index","follow":"follow","max-snippet":"max-snippet:-1","max-image-preview":"max-image-preview:large","max-video-preview":"max-video-preview:-1"},"canonical":"https:\/\/pasakebab.hu\/szekesfehervar\/termek\/rantott-sajtos-kebabtal-menu\/","og_locale":"hu_HU","og_type":"article","og_title":"R\u00e1ntott sajtos kebabt\u00e1l men\u00fc - Pasa Kebab Sz\u00e9kesfeh\u00e9rv\u00e1r","og_description":"A forr\u00f3 r\u00e1ntott sajtot k\u00f6rettel, speci\u00e1lis sz\u00f3sszal \u00e9s friss z\u00f6lds\u00e9gekkel (sal\u00e1ta,paradicsom,k\u00e1poszta, lilahagyma, uborka) t\u00e1laljuk, cs\u00edp\u0151s chili paprik\u00e1val f\u0171szerezz\u00fck.  A men\u00fc tartalmazza a v\u00e1lasztott kebabt\u00e1lat, \u00fcd\u00edt\u0151t \u00e9s deszertet!","og_url":"https:\/\/pasakebab.hu\/szekesfehervar\/termek\/rantott-sajtos-kebabtal-menu\/","og_site_name":"Pasa Kebab Sz\u00e9kesfeh\u00e9rv\u00e1r","article_publisher":"https:\/\/www.facebook.com\/pasa.kebab.nagymama\/","article_modified_time":"2025-12-04T10:46:43+00:00","og_image":[{"width":596,"height":482,"url":"https:\/\/pasakebab.hu\/szekesfehervar\/wp-content\/uploads\/sites\/5\/2021\/02\/kebab-tal-menu.jpg","type":"image\/jpeg"}],"twitter_card":"summary_large_image","schema":{"@context":"https:\/\/schema.org","@graph":[{"@type":"WebPage","@id":"https:\/\/pasakebab.hu\/szekesfehervar\/termek\/rantott-sajtos-kebabtal-menu\/","url":"https:\/\/pasakebab.hu\/szekesfehervar\/termek\/rantott-sajtos-kebabtal-menu\/","name":"R\u00e1ntott sajtos kebabt\u00e1l men\u00fc - Pasa Kebab Sz\u00e9kesfeh\u00e9rv\u00e1r","isPartOf":{"@id":"https:\/\/pasakebab.hu\/szekesfehervar\/#website"},"primaryImageOfPage":{"@id":"https:\/\/pasakebab.hu\/szekesfehervar\/termek\/rantott-sajtos-kebabtal-menu\/#primaryimage"},"image":{"@id":"https:\/\/pasakebab.hu\/szekesfehervar\/termek\/rantott-sajtos-kebabtal-menu\/#primaryimage"},"thumbnailUrl":"https:\/\/pasakebab.hu\/szekesfehervar\/wp-content\/uploads\/sites\/5\/2021\/02\/kebab-tal-menu.jpg","datePublished":"2021-03-16T18:09:18+00:00","dateModified":"2025-12-04T10:46:43+00:00","breadcrumb":{"@id":"https:\/\/pasakebab.hu\/szekesfehervar\/termek\/rantott-sajtos-kebabtal-menu\/#breadcrumb"},"inLanguage":"hu","potentialAction":[{"@type":"ReadAction","target":["https:\/\/pasakebab.hu\/szekesfehervar\/termek\/rantott-sajtos-kebabtal-menu\/"]}]},{"@type":"ImageObject","inLanguage":"hu","@id":"https:\/\/pasakebab.hu\/szekesfehervar\/termek\/rantott-sajtos-kebabtal-menu\/#primaryimage","url":"https:\/\/pasakebab.hu\/szekesfehervar\/wp-content\/uploads\/sites\/5\/2021\/02\/kebab-tal-menu.jpg","contentUrl":"https:\/\/pasakebab.hu\/szekesfehervar\/wp-content\/uploads\/sites\/5\/2021\/02\/kebab-tal-menu.jpg","width":596,"height":482},{"@type":"BreadcrumbList","@id":"https:\/\/pasakebab.hu\/szekesfehervar\/termek\/rantott-sajtos-kebabtal-menu\/#breadcrumb","itemListElement":[{"@type":"ListItem","position":1,"name":"Home","item":"https:\/\/pasakebab.hu\/szekesfehervar\/"},{"@type":"ListItem","position":2,"name":"\u00c9tel rendel\u00e9s","item":"https:\/\/pasakebab.hu\/szekesfehervar\/"},{"@type":"ListItem","position":3,"name":"R\u00e1ntott sajtos kebabt\u00e1l men\u00fc"}]},{"@type":"WebSite","@id":"https:\/\/pasakebab.hu\/szekesfehervar\/#website","url":"https:\/\/pasakebab.hu\/szekesfehervar\/","name":"Pasa Kebab Sz\u00e9kesfeh\u00e9rv\u00e1r","description":"Kebab, D\u00f6ner &amp; Pizza","publisher":{"@id":"https:\/\/pasakebab.hu\/szekesfehervar\/#organization"},"potentialAction":[{"@type":"SearchAction","target":{"@type":"EntryPoint","urlTemplate":"https:\/\/pasakebab.hu\/szekesfehervar\/?s={search_term_string}"},"query-input":{"@type":"PropertyValueSpecification","valueRequired":true,"valueName":"search_term_string"}}],"inLanguage":"hu"},{"@type":"Organization","@id":"https:\/\/pasakebab.hu\/szekesfehervar\/#organization","name":"Pasa Kebab D\u00f6ner & Pizza","url":"https:\/\/pasakebab.hu\/szekesfehervar\/","logo":{"@type":"ImageObject","inLanguage":"hu","@id":"https:\/\/pasakebab.hu\/szekesfehervar\/#\/schema\/logo\/image\/","url":"https:\/\/pasakebab.delivery.ucs.hu\/szekesfehervar\/wp-content\/uploads\/sites\/5\/2020\/05\/pasakebab_logo_email.png","contentUrl":"https:\/\/pasakebab.delivery.ucs.hu\/szekesfehervar\/wp-content\/uploads\/sites\/5\/2020\/05\/pasakebab_logo_email.png","width":500,"height":69,"caption":"Pasa Kebab D\u00f6ner & Pizza"},"image":{"@id":"https:\/\/pasakebab.hu\/szekesfehervar\/#\/schema\/logo\/image\/"},"sameAs":["https:\/\/www.facebook.com\/pasa.kebab.nagymama\/","https:\/\/www.instagram.com\/pasakebab\/"]}]}},"acf":[],"_links":{"self":[{"href":"https:\/\/pasakebab.hu\/szekesfehervar\/wp-json\/wp\/v2\/product\/14237","targetHints":{"allow":["GET"]}}],"collection":[{"href":"https:\/\/pasakebab.hu\/szekesfehervar\/wp-json\/wp\/v2\/product"}],"about":[{"href":"https:\/\/pasakebab.hu\/szekesfehervar\/wp-json\/wp\/v2\/types\/product"}],"wp:featuredmedia":[{"embeddable":true,"href":"https:\/\/pasakebab.hu\/szekesfehervar\/wp-json\/wp\/v2\/media\/10852"}],"wp:attachment":[{"href":"https:\/\/pasakebab.hu\/szekesfehervar\/wp-json\/wp\/v2\/media?parent=14237"}],"wp:term":[{"taxonomy":"product_brand","embeddable":true,"href":"https:\/\/pasakebab.hu\/szekesfehervar\/wp-json\/wp\/v2\/product_brand?post=14237"},{"taxonomy":"product_cat","embeddable":true,"href":"https:\/\/pasakebab.hu\/szekesfehervar\/wp-json\/wp\/v2\/product_cat?post=14237"},{"taxonomy":"product_tag","embeddable":true,"href":"https:\/\/pasakebab.hu\/szekesfehervar\/wp-json\/wp\/v2\/product_tag?post=14237"}],"curies":[{"name":"wp","href":"https:\/\/api.w.org\/{rel}","templated":true}]}}