{"id":14725,"date":"2021-04-12T20:44:34","date_gmt":"2021-04-12T18:44:34","guid":{"rendered":"https:\/\/pasakebab.hu\/szekesfehervar\/termek\/pepsi-1l\/"},"modified":"2025-12-04T09:56:05","modified_gmt":"2025-12-04T08:56:05","slug":"pepsi-1l","status":"publish","type":"product","link":"https:\/\/pasakebab.hu\/szekesfehervar\/termek\/pepsi-1l\/","title":{"rendered":"Pepsi 1l"},"content":{"rendered":"","protected":false},"excerpt":{"rendered":"","protected":false},"featured_media":14271,"template":"","meta":{"_acf_changed":false,"_monsterinsights_skip_tracking":false,"_monsterinsights_sitenote_active":false,"_monsterinsights_sitenote_note":"","_monsterinsights_sitenote_category":0},"product_brand":[],"product_cat":[832],"product_tag":[],"class_list":{"0":"post-14725","1":"product","2":"type-product","3":"status-publish","4":"has-post-thumbnail","6":"product_cat-uditok","8":"first","9":"instock","10":"shipping-taxable","11":"product-type-simple"},"yoast_head":"<!-- This site is optimized with the Yoast SEO plugin v26.8 - https:\/\/yoast.com\/product\/yoast-seo-wordpress\/ -->\n<title>Pepsi 1l - Pasa Kebab Sz\u00e9kesfeh\u00e9rv\u00e1r<\/title>\n<meta name=\"robots\" content=\"index, follow, max-snippet:-1, max-image-preview:large, max-video-preview:-1\" \/>\n<link rel=\"canonical\" href=\"https:\/\/pasakebab.hu\/szekesfehervar\/termek\/pepsi-1l\/\" \/>\n<meta property=\"og:locale\" content=\"hu_HU\" \/>\n<meta property=\"og:type\" content=\"article\" \/>\n<meta property=\"og:title\" content=\"Pepsi 1l - Pasa Kebab Sz\u00e9kesfeh\u00e9rv\u00e1r\" \/>\n<meta property=\"og:url\" content=\"https:\/\/pasakebab.hu\/szekesfehervar\/termek\/pepsi-1l\/\" \/>\n<meta property=\"og:site_name\" content=\"Pasa Kebab Sz\u00e9kesfeh\u00e9rv\u00e1r\" \/>\n<meta property=\"article:publisher\" content=\"https:\/\/www.facebook.com\/pasa.kebab.nagymama\/\" \/>\n<meta property=\"article:modified_time\" content=\"2025-12-04T08:56:05+00:00\" \/>\n<meta property=\"og:image\" content=\"https:\/\/pasakebab.hu\/szekesfehervar\/wp-content\/uploads\/sites\/5\/2021\/03\/Logo-Pepsi.jpg\" \/>\n\t<meta property=\"og:image:width\" content=\"1191\" \/>\n\t<meta property=\"og:image:height\" content=\"670\" \/>\n\t<meta property=\"og:image:type\" content=\"image\/jpeg\" \/>\n<meta name=\"twitter:card\" content=\"summary_large_image\" \/>\n<script type=\"application\/ld+json\" class=\"yoast-schema-graph\">{\"@context\":\"https:\/\/schema.org\",\"@graph\":[{\"@type\":\"WebPage\",\"@id\":\"https:\/\/pasakebab.hu\/szekesfehervar\/termek\/pepsi-1l\/\",\"url\":\"https:\/\/pasakebab.hu\/szekesfehervar\/termek\/pepsi-1l\/\",\"name\":\"Pepsi 1l - Pasa Kebab Sz\u00e9kesfeh\u00e9rv\u00e1r\",\"isPartOf\":{\"@id\":\"https:\/\/pasakebab.hu\/szekesfehervar\/#website\"},\"primaryImageOfPage\":{\"@id\":\"https:\/\/pasakebab.hu\/szekesfehervar\/termek\/pepsi-1l\/#primaryimage\"},\"image\":{\"@id\":\"https:\/\/pasakebab.hu\/szekesfehervar\/termek\/pepsi-1l\/#primaryimage\"},\"thumbnailUrl\":\"https:\/\/pasakebab.hu\/szekesfehervar\/wp-content\/uploads\/sites\/5\/2021\/03\/Logo-Pepsi.jpg\",\"datePublished\":\"2021-04-12T18:44:34+00:00\",\"dateModified\":\"2025-12-04T08:56:05+00:00\",\"breadcrumb\":{\"@id\":\"https:\/\/pasakebab.hu\/szekesfehervar\/termek\/pepsi-1l\/#breadcrumb\"},\"inLanguage\":\"hu\",\"potentialAction\":[{\"@type\":\"ReadAction\",\"target\":[\"https:\/\/pasakebab.hu\/szekesfehervar\/termek\/pepsi-1l\/\"]}]},{\"@type\":\"ImageObject\",\"inLanguage\":\"hu\",\"@id\":\"https:\/\/pasakebab.hu\/szekesfehervar\/termek\/pepsi-1l\/#primaryimage\",\"url\":\"https:\/\/pasakebab.hu\/szekesfehervar\/wp-content\/uploads\/sites\/5\/2021\/03\/Logo-Pepsi.jpg\",\"contentUrl\":\"https:\/\/pasakebab.hu\/szekesfehervar\/wp-content\/uploads\/sites\/5\/2021\/03\/Logo-Pepsi.jpg\",\"width\":1191,\"height\":670},{\"@type\":\"BreadcrumbList\",\"@id\":\"https:\/\/pasakebab.hu\/szekesfehervar\/termek\/pepsi-1l\/#breadcrumb\",\"itemListElement\":[{\"@type\":\"ListItem\",\"position\":1,\"name\":\"Home\",\"item\":\"https:\/\/pasakebab.hu\/szekesfehervar\/\"},{\"@type\":\"ListItem\",\"position\":2,\"name\":\"\u00c9tel rendel\u00e9s\",\"item\":\"https:\/\/pasakebab.hu\/szekesfehervar\/\"},{\"@type\":\"ListItem\",\"position\":3,\"name\":\"Pepsi 1l\"}]},{\"@type\":\"WebSite\",\"@id\":\"https:\/\/pasakebab.hu\/szekesfehervar\/#website\",\"url\":\"https:\/\/pasakebab.hu\/szekesfehervar\/\",\"name\":\"Pasa Kebab Sz\u00e9kesfeh\u00e9rv\u00e1r\",\"description\":\"Kebab, D\u00f6ner &amp; Pizza\",\"publisher\":{\"@id\":\"https:\/\/pasakebab.hu\/szekesfehervar\/#organization\"},\"potentialAction\":[{\"@type\":\"SearchAction\",\"target\":{\"@type\":\"EntryPoint\",\"urlTemplate\":\"https:\/\/pasakebab.hu\/szekesfehervar\/?s={search_term_string}\"},\"query-input\":{\"@type\":\"PropertyValueSpecification\",\"valueRequired\":true,\"valueName\":\"search_term_string\"}}],\"inLanguage\":\"hu\"},{\"@type\":\"Organization\",\"@id\":\"https:\/\/pasakebab.hu\/szekesfehervar\/#organization\",\"name\":\"Pasa Kebab D\u00f6ner & Pizza\",\"url\":\"https:\/\/pasakebab.hu\/szekesfehervar\/\",\"logo\":{\"@type\":\"ImageObject\",\"inLanguage\":\"hu\",\"@id\":\"https:\/\/pasakebab.hu\/szekesfehervar\/#\/schema\/logo\/image\/\",\"url\":\"https:\/\/pasakebab.delivery.ucs.hu\/szekesfehervar\/wp-content\/uploads\/sites\/5\/2020\/05\/pasakebab_logo_email.png\",\"contentUrl\":\"https:\/\/pasakebab.delivery.ucs.hu\/szekesfehervar\/wp-content\/uploads\/sites\/5\/2020\/05\/pasakebab_logo_email.png\",\"width\":500,\"height\":69,\"caption\":\"Pasa Kebab D\u00f6ner & Pizza\"},\"image\":{\"@id\":\"https:\/\/pasakebab.hu\/szekesfehervar\/#\/schema\/logo\/image\/\"},\"sameAs\":[\"https:\/\/www.facebook.com\/pasa.kebab.nagymama\/\",\"https:\/\/www.instagram.com\/pasakebab\/\"]}]}<\/script>\n<!-- \/ Yoast SEO plugin. -->","yoast_head_json":{"title":"Pepsi 1l - Pasa Kebab Sz\u00e9kesfeh\u00e9rv\u00e1r","robots":{"index":"index","follow":"follow","max-snippet":"max-snippet:-1","max-image-preview":"max-image-preview:large","max-video-preview":"max-video-preview:-1"},"canonical":"https:\/\/pasakebab.hu\/szekesfehervar\/termek\/pepsi-1l\/","og_locale":"hu_HU","og_type":"article","og_title":"Pepsi 1l - Pasa Kebab Sz\u00e9kesfeh\u00e9rv\u00e1r","og_url":"https:\/\/pasakebab.hu\/szekesfehervar\/termek\/pepsi-1l\/","og_site_name":"Pasa Kebab Sz\u00e9kesfeh\u00e9rv\u00e1r","article_publisher":"https:\/\/www.facebook.com\/pasa.kebab.nagymama\/","article_modified_time":"2025-12-04T08:56:05+00:00","og_image":[{"width":1191,"height":670,"url":"https:\/\/pasakebab.hu\/szekesfehervar\/wp-content\/uploads\/sites\/5\/2021\/03\/Logo-Pepsi.jpg","type":"image\/jpeg"}],"twitter_card":"summary_large_image","schema":{"@context":"https:\/\/schema.org","@graph":[{"@type":"WebPage","@id":"https:\/\/pasakebab.hu\/szekesfehervar\/termek\/pepsi-1l\/","url":"https:\/\/pasakebab.hu\/szekesfehervar\/termek\/pepsi-1l\/","name":"Pepsi 1l - Pasa Kebab Sz\u00e9kesfeh\u00e9rv\u00e1r","isPartOf":{"@id":"https:\/\/pasakebab.hu\/szekesfehervar\/#website"},"primaryImageOfPage":{"@id":"https:\/\/pasakebab.hu\/szekesfehervar\/termek\/pepsi-1l\/#primaryimage"},"image":{"@id":"https:\/\/pasakebab.hu\/szekesfehervar\/termek\/pepsi-1l\/#primaryimage"},"thumbnailUrl":"https:\/\/pasakebab.hu\/szekesfehervar\/wp-content\/uploads\/sites\/5\/2021\/03\/Logo-Pepsi.jpg","datePublished":"2021-04-12T18:44:34+00:00","dateModified":"2025-12-04T08:56:05+00:00","breadcrumb":{"@id":"https:\/\/pasakebab.hu\/szekesfehervar\/termek\/pepsi-1l\/#breadcrumb"},"inLanguage":"hu","potentialAction":[{"@type":"ReadAction","target":["https:\/\/pasakebab.hu\/szekesfehervar\/termek\/pepsi-1l\/"]}]},{"@type":"ImageObject","inLanguage":"hu","@id":"https:\/\/pasakebab.hu\/szekesfehervar\/termek\/pepsi-1l\/#primaryimage","url":"https:\/\/pasakebab.hu\/szekesfehervar\/wp-content\/uploads\/sites\/5\/2021\/03\/Logo-Pepsi.jpg","contentUrl":"https:\/\/pasakebab.hu\/szekesfehervar\/wp-content\/uploads\/sites\/5\/2021\/03\/Logo-Pepsi.jpg","width":1191,"height":670},{"@type":"BreadcrumbList","@id":"https:\/\/pasakebab.hu\/szekesfehervar\/termek\/pepsi-1l\/#breadcrumb","itemListElement":[{"@type":"ListItem","position":1,"name":"Home","item":"https:\/\/pasakebab.hu\/szekesfehervar\/"},{"@type":"ListItem","position":2,"name":"\u00c9tel rendel\u00e9s","item":"https:\/\/pasakebab.hu\/szekesfehervar\/"},{"@type":"ListItem","position":3,"name":"Pepsi 1l"}]},{"@type":"WebSite","@id":"https:\/\/pasakebab.hu\/szekesfehervar\/#website","url":"https:\/\/pasakebab.hu\/szekesfehervar\/","name":"Pasa Kebab Sz\u00e9kesfeh\u00e9rv\u00e1r","description":"Kebab, D\u00f6ner &amp; Pizza","publisher":{"@id":"https:\/\/pasakebab.hu\/szekesfehervar\/#organization"},"potentialAction":[{"@type":"SearchAction","target":{"@type":"EntryPoint","urlTemplate":"https:\/\/pasakebab.hu\/szekesfehervar\/?s={search_term_string}"},"query-input":{"@type":"PropertyValueSpecification","valueRequired":true,"valueName":"search_term_string"}}],"inLanguage":"hu"},{"@type":"Organization","@id":"https:\/\/pasakebab.hu\/szekesfehervar\/#organization","name":"Pasa Kebab D\u00f6ner & Pizza","url":"https:\/\/pasakebab.hu\/szekesfehervar\/","logo":{"@type":"ImageObject","inLanguage":"hu","@id":"https:\/\/pasakebab.hu\/szekesfehervar\/#\/schema\/logo\/image\/","url":"https:\/\/pasakebab.delivery.ucs.hu\/szekesfehervar\/wp-content\/uploads\/sites\/5\/2020\/05\/pasakebab_logo_email.png","contentUrl":"https:\/\/pasakebab.delivery.ucs.hu\/szekesfehervar\/wp-content\/uploads\/sites\/5\/2020\/05\/pasakebab_logo_email.png","width":500,"height":69,"caption":"Pasa Kebab D\u00f6ner & Pizza"},"image":{"@id":"https:\/\/pasakebab.hu\/szekesfehervar\/#\/schema\/logo\/image\/"},"sameAs":["https:\/\/www.facebook.com\/pasa.kebab.nagymama\/","https:\/\/www.instagram.com\/pasakebab\/"]}]}},"acf":[],"_links":{"self":[{"href":"https:\/\/pasakebab.hu\/szekesfehervar\/wp-json\/wp\/v2\/product\/14725","targetHints":{"allow":["GET"]}}],"collection":[{"href":"https:\/\/pasakebab.hu\/szekesfehervar\/wp-json\/wp\/v2\/product"}],"about":[{"href":"https:\/\/pasakebab.hu\/szekesfehervar\/wp-json\/wp\/v2\/types\/product"}],"wp:featuredmedia":[{"embeddable":true,"href":"https:\/\/pasakebab.hu\/szekesfehervar\/wp-json\/wp\/v2\/media\/14271"}],"wp:attachment":[{"href":"https:\/\/pasakebab.hu\/szekesfehervar\/wp-json\/wp\/v2\/media?parent=14725"}],"wp:term":[{"taxonomy":"product_brand","embeddable":true,"href":"https:\/\/pasakebab.hu\/szekesfehervar\/wp-json\/wp\/v2\/product_brand?post=14725"},{"taxonomy":"product_cat","embeddable":true,"href":"https:\/\/pasakebab.hu\/szekesfehervar\/wp-json\/wp\/v2\/product_cat?post=14725"},{"taxonomy":"product_tag","embeddable":true,"href":"https:\/\/pasakebab.hu\/szekesfehervar\/wp-json\/wp\/v2\/product_tag?post=14725"}],"curies":[{"name":"wp","href":"https:\/\/api.w.org\/{rel}","templated":true}]}}