{"id":74466,"date":"2021-10-14T12:26:18","date_gmt":"2021-10-14T10:26:18","guid":{"rendered":"https:\/\/pasakebab.hu\/szekesfehervar\/termek\/sult-torok-tejberizserdei-gyumolcsos\/"},"modified":"2026-02-06T20:35:52","modified_gmt":"2026-02-06T19:35:52","slug":"sult-torok-tejberizserdei-gyumolcsos","status":"publish","type":"product","link":"https:\/\/pasakebab.hu\/szekesfehervar\/termek\/sult-torok-tejberizserdei-gyumolcsos\/","title":{"rendered":"S\u00fclt t\u00f6r\u00f6k tejberizs(erdei gy\u00fcm\u00f6lcs\u00f6s)"},"content":{"rendered":"","protected":false},"excerpt":{"rendered":"","protected":false},"featured_media":156837,"template":"","meta":{"_acf_changed":false,"_monsterinsights_skip_tracking":false,"_monsterinsights_sitenote_active":false,"_monsterinsights_sitenote_note":"","_monsterinsights_sitenote_category":0},"product_brand":[],"product_cat":[833],"product_tag":[],"class_list":{"0":"post-74466","1":"product","2":"type-product","3":"status-publish","4":"has-post-thumbnail","6":"product_cat-desszertek-1pasa-kebab","8":"first","9":"instock","10":"shipping-taxable","11":"product-type-simple"},"yoast_head":"<!-- This site is optimized with the Yoast SEO plugin v26.8 - https:\/\/yoast.com\/product\/yoast-seo-wordpress\/ -->\n<title>S\u00fclt t\u00f6r\u00f6k tejberizs(erdei gy\u00fcm\u00f6lcs\u00f6s) - Pasa Kebab Sz\u00e9kesfeh\u00e9rv\u00e1r<\/title>\n<meta name=\"robots\" content=\"index, follow, max-snippet:-1, max-image-preview:large, max-video-preview:-1\" \/>\n<link rel=\"canonical\" href=\"https:\/\/pasakebab.hu\/szekesfehervar\/termek\/sult-torok-tejberizserdei-gyumolcsos\/\" \/>\n<meta property=\"og:locale\" content=\"hu_HU\" \/>\n<meta property=\"og:type\" content=\"article\" \/>\n<meta property=\"og:title\" content=\"S\u00fclt t\u00f6r\u00f6k tejberizs(erdei gy\u00fcm\u00f6lcs\u00f6s) - Pasa Kebab Sz\u00e9kesfeh\u00e9rv\u00e1r\" \/>\n<meta property=\"og:url\" content=\"https:\/\/pasakebab.hu\/szekesfehervar\/termek\/sult-torok-tejberizserdei-gyumolcsos\/\" \/>\n<meta property=\"og:site_name\" content=\"Pasa Kebab Sz\u00e9kesfeh\u00e9rv\u00e1r\" \/>\n<meta property=\"article:publisher\" content=\"https:\/\/www.facebook.com\/pasa.kebab.nagymama\/\" \/>\n<meta property=\"article:modified_time\" content=\"2026-02-06T19:35:52+00:00\" \/>\n<meta property=\"og:image\" content=\"https:\/\/pasakebab.hu\/szekesfehervar\/wp-content\/uploads\/sites\/5\/2024\/11\/IMG_1014.jpeg\" \/>\n\t<meta property=\"og:image:width\" content=\"1940\" \/>\n\t<meta property=\"og:image:height\" content=\"1308\" \/>\n\t<meta property=\"og:image:type\" content=\"image\/jpeg\" \/>\n<meta name=\"twitter:card\" content=\"summary_large_image\" \/>\n<meta name=\"twitter:label1\" content=\"Becs\u00fclt olvas\u00e1si id\u0151\" \/>\n\t<meta name=\"twitter:data1\" content=\"1 perc\" \/>\n<script type=\"application\/ld+json\" class=\"yoast-schema-graph\">{\"@context\":\"https:\/\/schema.org\",\"@graph\":[{\"@type\":\"WebPage\",\"@id\":\"https:\/\/pasakebab.hu\/szekesfehervar\/termek\/sult-torok-tejberizserdei-gyumolcsos\/\",\"url\":\"https:\/\/pasakebab.hu\/szekesfehervar\/termek\/sult-torok-tejberizserdei-gyumolcsos\/\",\"name\":\"S\u00fclt t\u00f6r\u00f6k tejberizs(erdei gy\u00fcm\u00f6lcs\u00f6s) - Pasa Kebab Sz\u00e9kesfeh\u00e9rv\u00e1r\",\"isPartOf\":{\"@id\":\"https:\/\/pasakebab.hu\/szekesfehervar\/#website\"},\"primaryImageOfPage\":{\"@id\":\"https:\/\/pasakebab.hu\/szekesfehervar\/termek\/sult-torok-tejberizserdei-gyumolcsos\/#primaryimage\"},\"image\":{\"@id\":\"https:\/\/pasakebab.hu\/szekesfehervar\/termek\/sult-torok-tejberizserdei-gyumolcsos\/#primaryimage\"},\"thumbnailUrl\":\"https:\/\/pasakebab.hu\/szekesfehervar\/wp-content\/uploads\/sites\/5\/2024\/11\/IMG_1014.jpeg\",\"datePublished\":\"2021-10-14T10:26:18+00:00\",\"dateModified\":\"2026-02-06T19:35:52+00:00\",\"breadcrumb\":{\"@id\":\"https:\/\/pasakebab.hu\/szekesfehervar\/termek\/sult-torok-tejberizserdei-gyumolcsos\/#breadcrumb\"},\"inLanguage\":\"hu\",\"potentialAction\":[{\"@type\":\"ReadAction\",\"target\":[\"https:\/\/pasakebab.hu\/szekesfehervar\/termek\/sult-torok-tejberizserdei-gyumolcsos\/\"]}]},{\"@type\":\"ImageObject\",\"inLanguage\":\"hu\",\"@id\":\"https:\/\/pasakebab.hu\/szekesfehervar\/termek\/sult-torok-tejberizserdei-gyumolcsos\/#primaryimage\",\"url\":\"https:\/\/pasakebab.hu\/szekesfehervar\/wp-content\/uploads\/sites\/5\/2024\/11\/IMG_1014.jpeg\",\"contentUrl\":\"https:\/\/pasakebab.hu\/szekesfehervar\/wp-content\/uploads\/sites\/5\/2024\/11\/IMG_1014.jpeg\",\"width\":1940,\"height\":1308},{\"@type\":\"BreadcrumbList\",\"@id\":\"https:\/\/pasakebab.hu\/szekesfehervar\/termek\/sult-torok-tejberizserdei-gyumolcsos\/#breadcrumb\",\"itemListElement\":[{\"@type\":\"ListItem\",\"position\":1,\"name\":\"Home\",\"item\":\"https:\/\/pasakebab.hu\/szekesfehervar\/\"},{\"@type\":\"ListItem\",\"position\":2,\"name\":\"\u00c9tel rendel\u00e9s\",\"item\":\"https:\/\/pasakebab.hu\/szekesfehervar\/\"},{\"@type\":\"ListItem\",\"position\":3,\"name\":\"S\u00fclt t\u00f6r\u00f6k tejberizs(erdei gy\u00fcm\u00f6lcs\u00f6s)\"}]},{\"@type\":\"WebSite\",\"@id\":\"https:\/\/pasakebab.hu\/szekesfehervar\/#website\",\"url\":\"https:\/\/pasakebab.hu\/szekesfehervar\/\",\"name\":\"Pasa Kebab Sz\u00e9kesfeh\u00e9rv\u00e1r\",\"description\":\"Kebab, D\u00f6ner &amp; Pizza\",\"publisher\":{\"@id\":\"https:\/\/pasakebab.hu\/szekesfehervar\/#organization\"},\"potentialAction\":[{\"@type\":\"SearchAction\",\"target\":{\"@type\":\"EntryPoint\",\"urlTemplate\":\"https:\/\/pasakebab.hu\/szekesfehervar\/?s={search_term_string}\"},\"query-input\":{\"@type\":\"PropertyValueSpecification\",\"valueRequired\":true,\"valueName\":\"search_term_string\"}}],\"inLanguage\":\"hu\"},{\"@type\":\"Organization\",\"@id\":\"https:\/\/pasakebab.hu\/szekesfehervar\/#organization\",\"name\":\"Pasa Kebab D\u00f6ner & Pizza\",\"url\":\"https:\/\/pasakebab.hu\/szekesfehervar\/\",\"logo\":{\"@type\":\"ImageObject\",\"inLanguage\":\"hu\",\"@id\":\"https:\/\/pasakebab.hu\/szekesfehervar\/#\/schema\/logo\/image\/\",\"url\":\"https:\/\/pasakebab.delivery.ucs.hu\/szekesfehervar\/wp-content\/uploads\/sites\/5\/2020\/05\/pasakebab_logo_email.png\",\"contentUrl\":\"https:\/\/pasakebab.delivery.ucs.hu\/szekesfehervar\/wp-content\/uploads\/sites\/5\/2020\/05\/pasakebab_logo_email.png\",\"width\":500,\"height\":69,\"caption\":\"Pasa Kebab D\u00f6ner & Pizza\"},\"image\":{\"@id\":\"https:\/\/pasakebab.hu\/szekesfehervar\/#\/schema\/logo\/image\/\"},\"sameAs\":[\"https:\/\/www.facebook.com\/pasa.kebab.nagymama\/\",\"https:\/\/www.instagram.com\/pasakebab\/\"]}]}<\/script>\n<!-- \/ Yoast SEO plugin. -->","yoast_head_json":{"title":"S\u00fclt t\u00f6r\u00f6k tejberizs(erdei gy\u00fcm\u00f6lcs\u00f6s) - Pasa Kebab Sz\u00e9kesfeh\u00e9rv\u00e1r","robots":{"index":"index","follow":"follow","max-snippet":"max-snippet:-1","max-image-preview":"max-image-preview:large","max-video-preview":"max-video-preview:-1"},"canonical":"https:\/\/pasakebab.hu\/szekesfehervar\/termek\/sult-torok-tejberizserdei-gyumolcsos\/","og_locale":"hu_HU","og_type":"article","og_title":"S\u00fclt t\u00f6r\u00f6k tejberizs(erdei gy\u00fcm\u00f6lcs\u00f6s) - Pasa Kebab Sz\u00e9kesfeh\u00e9rv\u00e1r","og_url":"https:\/\/pasakebab.hu\/szekesfehervar\/termek\/sult-torok-tejberizserdei-gyumolcsos\/","og_site_name":"Pasa Kebab Sz\u00e9kesfeh\u00e9rv\u00e1r","article_publisher":"https:\/\/www.facebook.com\/pasa.kebab.nagymama\/","article_modified_time":"2026-02-06T19:35:52+00:00","og_image":[{"width":1940,"height":1308,"url":"https:\/\/pasakebab.hu\/szekesfehervar\/wp-content\/uploads\/sites\/5\/2024\/11\/IMG_1014.jpeg","type":"image\/jpeg"}],"twitter_card":"summary_large_image","twitter_misc":{"Becs\u00fclt olvas\u00e1si id\u0151":"1 perc"},"schema":{"@context":"https:\/\/schema.org","@graph":[{"@type":"WebPage","@id":"https:\/\/pasakebab.hu\/szekesfehervar\/termek\/sult-torok-tejberizserdei-gyumolcsos\/","url":"https:\/\/pasakebab.hu\/szekesfehervar\/termek\/sult-torok-tejberizserdei-gyumolcsos\/","name":"S\u00fclt t\u00f6r\u00f6k tejberizs(erdei gy\u00fcm\u00f6lcs\u00f6s) - Pasa Kebab Sz\u00e9kesfeh\u00e9rv\u00e1r","isPartOf":{"@id":"https:\/\/pasakebab.hu\/szekesfehervar\/#website"},"primaryImageOfPage":{"@id":"https:\/\/pasakebab.hu\/szekesfehervar\/termek\/sult-torok-tejberizserdei-gyumolcsos\/#primaryimage"},"image":{"@id":"https:\/\/pasakebab.hu\/szekesfehervar\/termek\/sult-torok-tejberizserdei-gyumolcsos\/#primaryimage"},"thumbnailUrl":"https:\/\/pasakebab.hu\/szekesfehervar\/wp-content\/uploads\/sites\/5\/2024\/11\/IMG_1014.jpeg","datePublished":"2021-10-14T10:26:18+00:00","dateModified":"2026-02-06T19:35:52+00:00","breadcrumb":{"@id":"https:\/\/pasakebab.hu\/szekesfehervar\/termek\/sult-torok-tejberizserdei-gyumolcsos\/#breadcrumb"},"inLanguage":"hu","potentialAction":[{"@type":"ReadAction","target":["https:\/\/pasakebab.hu\/szekesfehervar\/termek\/sult-torok-tejberizserdei-gyumolcsos\/"]}]},{"@type":"ImageObject","inLanguage":"hu","@id":"https:\/\/pasakebab.hu\/szekesfehervar\/termek\/sult-torok-tejberizserdei-gyumolcsos\/#primaryimage","url":"https:\/\/pasakebab.hu\/szekesfehervar\/wp-content\/uploads\/sites\/5\/2024\/11\/IMG_1014.jpeg","contentUrl":"https:\/\/pasakebab.hu\/szekesfehervar\/wp-content\/uploads\/sites\/5\/2024\/11\/IMG_1014.jpeg","width":1940,"height":1308},{"@type":"BreadcrumbList","@id":"https:\/\/pasakebab.hu\/szekesfehervar\/termek\/sult-torok-tejberizserdei-gyumolcsos\/#breadcrumb","itemListElement":[{"@type":"ListItem","position":1,"name":"Home","item":"https:\/\/pasakebab.hu\/szekesfehervar\/"},{"@type":"ListItem","position":2,"name":"\u00c9tel rendel\u00e9s","item":"https:\/\/pasakebab.hu\/szekesfehervar\/"},{"@type":"ListItem","position":3,"name":"S\u00fclt t\u00f6r\u00f6k tejberizs(erdei gy\u00fcm\u00f6lcs\u00f6s)"}]},{"@type":"WebSite","@id":"https:\/\/pasakebab.hu\/szekesfehervar\/#website","url":"https:\/\/pasakebab.hu\/szekesfehervar\/","name":"Pasa Kebab Sz\u00e9kesfeh\u00e9rv\u00e1r","description":"Kebab, D\u00f6ner &amp; Pizza","publisher":{"@id":"https:\/\/pasakebab.hu\/szekesfehervar\/#organization"},"potentialAction":[{"@type":"SearchAction","target":{"@type":"EntryPoint","urlTemplate":"https:\/\/pasakebab.hu\/szekesfehervar\/?s={search_term_string}"},"query-input":{"@type":"PropertyValueSpecification","valueRequired":true,"valueName":"search_term_string"}}],"inLanguage":"hu"},{"@type":"Organization","@id":"https:\/\/pasakebab.hu\/szekesfehervar\/#organization","name":"Pasa Kebab D\u00f6ner & Pizza","url":"https:\/\/pasakebab.hu\/szekesfehervar\/","logo":{"@type":"ImageObject","inLanguage":"hu","@id":"https:\/\/pasakebab.hu\/szekesfehervar\/#\/schema\/logo\/image\/","url":"https:\/\/pasakebab.delivery.ucs.hu\/szekesfehervar\/wp-content\/uploads\/sites\/5\/2020\/05\/pasakebab_logo_email.png","contentUrl":"https:\/\/pasakebab.delivery.ucs.hu\/szekesfehervar\/wp-content\/uploads\/sites\/5\/2020\/05\/pasakebab_logo_email.png","width":500,"height":69,"caption":"Pasa Kebab D\u00f6ner & Pizza"},"image":{"@id":"https:\/\/pasakebab.hu\/szekesfehervar\/#\/schema\/logo\/image\/"},"sameAs":["https:\/\/www.facebook.com\/pasa.kebab.nagymama\/","https:\/\/www.instagram.com\/pasakebab\/"]}]}},"acf":[],"_links":{"self":[{"href":"https:\/\/pasakebab.hu\/szekesfehervar\/wp-json\/wp\/v2\/product\/74466","targetHints":{"allow":["GET"]}}],"collection":[{"href":"https:\/\/pasakebab.hu\/szekesfehervar\/wp-json\/wp\/v2\/product"}],"about":[{"href":"https:\/\/pasakebab.hu\/szekesfehervar\/wp-json\/wp\/v2\/types\/product"}],"wp:featuredmedia":[{"embeddable":true,"href":"https:\/\/pasakebab.hu\/szekesfehervar\/wp-json\/wp\/v2\/media\/156837"}],"wp:attachment":[{"href":"https:\/\/pasakebab.hu\/szekesfehervar\/wp-json\/wp\/v2\/media?parent=74466"}],"wp:term":[{"taxonomy":"product_brand","embeddable":true,"href":"https:\/\/pasakebab.hu\/szekesfehervar\/wp-json\/wp\/v2\/product_brand?post=74466"},{"taxonomy":"product_cat","embeddable":true,"href":"https:\/\/pasakebab.hu\/szekesfehervar\/wp-json\/wp\/v2\/product_cat?post=74466"},{"taxonomy":"product_tag","embeddable":true,"href":"https:\/\/pasakebab.hu\/szekesfehervar\/wp-json\/wp\/v2\/product_tag?post=74466"}],"curies":[{"name":"wp","href":"https:\/\/api.w.org\/{rel}","templated":true}]}}