{"id":45,"date":"2020-05-17T20:39:13","date_gmt":"2020-05-17T18:39:13","guid":{"rendered":"https:\/\/pasakebab.hu\/tatabanya\/?page_id=45"},"modified":"2021-04-18T23:46:15","modified_gmt":"2021-04-18T21:46:15","slug":"kapcsolat-koszonet","status":"publish","type":"page","link":"https:\/\/pasakebab.hu\/tatabanya\/kapcsolat-koszonet\/","title":{"rendered":"\u0170rlap bek\u00fcld\u00e9s"},"content":{"rendered":"<p>Megkeres\u00e9s\u00e9t k\u00f6sz\u00f6nj\u00fck. Koll\u00e9g\u00e1nk hamarosan felveszi \u00d6nnel a kapcsolatot.<\/p>\n","protected":false},"excerpt":{"rendered":"<p>Megkeres\u00e9s\u00e9t k\u00f6sz\u00f6nj\u00fck. Koll\u00e9g\u00e1nk hamarosan felveszi \u00d6nnel a kapcsolatot.<\/p>\n","protected":false},"author":1,"featured_media":0,"parent":0,"menu_order":0,"comment_status":"closed","ping_status":"closed","template":"","meta":{"_acf_changed":false,"_monsterinsights_skip_tracking":false,"_monsterinsights_sitenote_active":false,"_monsterinsights_sitenote_note":"","_monsterinsights_sitenote_category":0,"footnotes":""},"class_list":["post-45","page","type-page","status-publish","hentry"],"yoast_head":"<!-- This site is optimized with the Yoast SEO plugin v26.8 - https:\/\/yoast.com\/product\/yoast-seo-wordpress\/ -->\n<title>\u0170rlap bek\u00fcld\u00e9s - Pasa Kebab Tatab\u00e1nya<\/title>\n<meta name=\"robots\" content=\"index, follow, max-snippet:-1, max-image-preview:large, max-video-preview:-1\" \/>\n<link rel=\"canonical\" href=\"https:\/\/pasakebab.hu\/tatabanya\/kapcsolat-koszonet\/\" \/>\n<meta property=\"og:locale\" content=\"hu_HU\" \/>\n<meta property=\"og:type\" content=\"article\" \/>\n<meta property=\"og:title\" content=\"\u0170rlap bek\u00fcld\u00e9s - Pasa Kebab Tatab\u00e1nya\" \/>\n<meta property=\"og:description\" content=\"Megkeres\u00e9s\u00e9t k\u00f6sz\u00f6nj\u00fck. Koll\u00e9g\u00e1nk hamarosan felveszi \u00d6nnel a kapcsolatot.\" \/>\n<meta property=\"og:url\" content=\"https:\/\/pasakebab.hu\/tatabanya\/kapcsolat-koszonet\/\" \/>\n<meta property=\"og:site_name\" content=\"Pasa Kebab Tatab\u00e1nya\" \/>\n<meta property=\"article:publisher\" content=\"https:\/\/www.facebook.com\/pasa.kebab.nagymama\/\" \/>\n<meta property=\"article:modified_time\" content=\"2021-04-18T21:46:15+00:00\" \/>\n<meta name=\"twitter:card\" content=\"summary_large_image\" \/>\n<meta name=\"twitter:label1\" content=\"Becs\u00fclt olvas\u00e1si id\u0151\" \/>\n\t<meta name=\"twitter:data1\" content=\"1 perc\" \/>\n<script type=\"application\/ld+json\" class=\"yoast-schema-graph\">{\"@context\":\"https:\/\/schema.org\",\"@graph\":[{\"@type\":\"WebPage\",\"@id\":\"https:\/\/pasakebab.hu\/tatabanya\/kapcsolat-koszonet\/\",\"url\":\"https:\/\/pasakebab.hu\/tatabanya\/kapcsolat-koszonet\/\",\"name\":\"\u0170rlap bek\u00fcld\u00e9s - Pasa Kebab Tatab\u00e1nya\",\"isPartOf\":{\"@id\":\"https:\/\/pasakebab.hu\/tatabanya\/#website\"},\"datePublished\":\"2020-05-17T18:39:13+00:00\",\"dateModified\":\"2021-04-18T21:46:15+00:00\",\"breadcrumb\":{\"@id\":\"https:\/\/pasakebab.hu\/tatabanya\/kapcsolat-koszonet\/#breadcrumb\"},\"inLanguage\":\"hu\",\"potentialAction\":[{\"@type\":\"ReadAction\",\"target\":[\"https:\/\/pasakebab.hu\/tatabanya\/kapcsolat-koszonet\/\"]}]},{\"@type\":\"BreadcrumbList\",\"@id\":\"https:\/\/pasakebab.hu\/tatabanya\/kapcsolat-koszonet\/#breadcrumb\",\"itemListElement\":[{\"@type\":\"ListItem\",\"position\":1,\"name\":\"Home\",\"item\":\"https:\/\/pasakebab.hu\/tatabanya\/\"},{\"@type\":\"ListItem\",\"position\":2,\"name\":\"\u0170rlap bek\u00fcld\u00e9s\"}]},{\"@type\":\"WebSite\",\"@id\":\"https:\/\/pasakebab.hu\/tatabanya\/#website\",\"url\":\"https:\/\/pasakebab.hu\/tatabanya\/\",\"name\":\"Pasa Kebab Tatab\u00e1nya\",\"description\":\"Kebab, D\u00f6ner &amp; Pizza\",\"publisher\":{\"@id\":\"https:\/\/pasakebab.hu\/tatabanya\/#organization\"},\"potentialAction\":[{\"@type\":\"SearchAction\",\"target\":{\"@type\":\"EntryPoint\",\"urlTemplate\":\"https:\/\/pasakebab.hu\/tatabanya\/?s={search_term_string}\"},\"query-input\":{\"@type\":\"PropertyValueSpecification\",\"valueRequired\":true,\"valueName\":\"search_term_string\"}}],\"inLanguage\":\"hu\"},{\"@type\":\"Organization\",\"@id\":\"https:\/\/pasakebab.hu\/tatabanya\/#organization\",\"name\":\"Pasa Kebab D\u00f6ner & Pizza\",\"url\":\"https:\/\/pasakebab.hu\/tatabanya\/\",\"logo\":{\"@type\":\"ImageObject\",\"inLanguage\":\"hu\",\"@id\":\"https:\/\/pasakebab.hu\/tatabanya\/#\/schema\/logo\/image\/\",\"url\":\"https:\/\/pasakebab.hu\/tatabanya\/wp-content\/uploads\/sites\/2\/2020\/05\/pasakebab_logo_email.png\",\"contentUrl\":\"https:\/\/pasakebab.hu\/tatabanya\/wp-content\/uploads\/sites\/2\/2020\/05\/pasakebab_logo_email.png\",\"width\":500,\"height\":69,\"caption\":\"Pasa Kebab D\u00f6ner & Pizza\"},\"image\":{\"@id\":\"https:\/\/pasakebab.hu\/tatabanya\/#\/schema\/logo\/image\/\"},\"sameAs\":[\"https:\/\/www.facebook.com\/pasa.kebab.nagymama\/\",\"https:\/\/www.instagram.com\/pasakebab\/\"]}]}<\/script>\n<!-- \/ Yoast SEO plugin. -->","yoast_head_json":{"title":"\u0170rlap bek\u00fcld\u00e9s - Pasa Kebab Tatab\u00e1nya","robots":{"index":"index","follow":"follow","max-snippet":"max-snippet:-1","max-image-preview":"max-image-preview:large","max-video-preview":"max-video-preview:-1"},"canonical":"https:\/\/pasakebab.hu\/tatabanya\/kapcsolat-koszonet\/","og_locale":"hu_HU","og_type":"article","og_title":"\u0170rlap bek\u00fcld\u00e9s - Pasa Kebab Tatab\u00e1nya","og_description":"Megkeres\u00e9s\u00e9t k\u00f6sz\u00f6nj\u00fck. Koll\u00e9g\u00e1nk hamarosan felveszi \u00d6nnel a kapcsolatot.","og_url":"https:\/\/pasakebab.hu\/tatabanya\/kapcsolat-koszonet\/","og_site_name":"Pasa Kebab Tatab\u00e1nya","article_publisher":"https:\/\/www.facebook.com\/pasa.kebab.nagymama\/","article_modified_time":"2021-04-18T21:46:15+00:00","twitter_card":"summary_large_image","twitter_misc":{"Becs\u00fclt olvas\u00e1si id\u0151":"1 perc"},"schema":{"@context":"https:\/\/schema.org","@graph":[{"@type":"WebPage","@id":"https:\/\/pasakebab.hu\/tatabanya\/kapcsolat-koszonet\/","url":"https:\/\/pasakebab.hu\/tatabanya\/kapcsolat-koszonet\/","name":"\u0170rlap bek\u00fcld\u00e9s - Pasa Kebab Tatab\u00e1nya","isPartOf":{"@id":"https:\/\/pasakebab.hu\/tatabanya\/#website"},"datePublished":"2020-05-17T18:39:13+00:00","dateModified":"2021-04-18T21:46:15+00:00","breadcrumb":{"@id":"https:\/\/pasakebab.hu\/tatabanya\/kapcsolat-koszonet\/#breadcrumb"},"inLanguage":"hu","potentialAction":[{"@type":"ReadAction","target":["https:\/\/pasakebab.hu\/tatabanya\/kapcsolat-koszonet\/"]}]},{"@type":"BreadcrumbList","@id":"https:\/\/pasakebab.hu\/tatabanya\/kapcsolat-koszonet\/#breadcrumb","itemListElement":[{"@type":"ListItem","position":1,"name":"Home","item":"https:\/\/pasakebab.hu\/tatabanya\/"},{"@type":"ListItem","position":2,"name":"\u0170rlap bek\u00fcld\u00e9s"}]},{"@type":"WebSite","@id":"https:\/\/pasakebab.hu\/tatabanya\/#website","url":"https:\/\/pasakebab.hu\/tatabanya\/","name":"Pasa Kebab Tatab\u00e1nya","description":"Kebab, D\u00f6ner &amp; Pizza","publisher":{"@id":"https:\/\/pasakebab.hu\/tatabanya\/#organization"},"potentialAction":[{"@type":"SearchAction","target":{"@type":"EntryPoint","urlTemplate":"https:\/\/pasakebab.hu\/tatabanya\/?s={search_term_string}"},"query-input":{"@type":"PropertyValueSpecification","valueRequired":true,"valueName":"search_term_string"}}],"inLanguage":"hu"},{"@type":"Organization","@id":"https:\/\/pasakebab.hu\/tatabanya\/#organization","name":"Pasa Kebab D\u00f6ner & Pizza","url":"https:\/\/pasakebab.hu\/tatabanya\/","logo":{"@type":"ImageObject","inLanguage":"hu","@id":"https:\/\/pasakebab.hu\/tatabanya\/#\/schema\/logo\/image\/","url":"https:\/\/pasakebab.hu\/tatabanya\/wp-content\/uploads\/sites\/2\/2020\/05\/pasakebab_logo_email.png","contentUrl":"https:\/\/pasakebab.hu\/tatabanya\/wp-content\/uploads\/sites\/2\/2020\/05\/pasakebab_logo_email.png","width":500,"height":69,"caption":"Pasa Kebab D\u00f6ner & Pizza"},"image":{"@id":"https:\/\/pasakebab.hu\/tatabanya\/#\/schema\/logo\/image\/"},"sameAs":["https:\/\/www.facebook.com\/pasa.kebab.nagymama\/","https:\/\/www.instagram.com\/pasakebab\/"]}]}},"acf":[],"_links":{"self":[{"href":"https:\/\/pasakebab.hu\/tatabanya\/wp-json\/wp\/v2\/pages\/45","targetHints":{"allow":["GET"]}}],"collection":[{"href":"https:\/\/pasakebab.hu\/tatabanya\/wp-json\/wp\/v2\/pages"}],"about":[{"href":"https:\/\/pasakebab.hu\/tatabanya\/wp-json\/wp\/v2\/types\/page"}],"author":[{"embeddable":true,"href":"https:\/\/pasakebab.hu\/tatabanya\/wp-json\/wp\/v2\/users\/1"}],"replies":[{"embeddable":true,"href":"https:\/\/pasakebab.hu\/tatabanya\/wp-json\/wp\/v2\/comments?post=45"}],"version-history":[{"count":2,"href":"https:\/\/pasakebab.hu\/tatabanya\/wp-json\/wp\/v2\/pages\/45\/revisions"}],"predecessor-version":[{"id":5813,"href":"https:\/\/pasakebab.hu\/tatabanya\/wp-json\/wp\/v2\/pages\/45\/revisions\/5813"}],"wp:attachment":[{"href":"https:\/\/pasakebab.hu\/tatabanya\/wp-json\/wp\/v2\/media?parent=45"}],"curies":[{"name":"wp","href":"https:\/\/api.w.org\/{rel}","templated":true}]}}