{"id":3233,"date":"2020-12-04T14:36:21","date_gmt":"2020-12-04T13:36:21","guid":{"rendered":"https:\/\/pasakebab.hu\/tatabanya\/termek\/sonka-kukorica-pizza-32-cm\/"},"modified":"2025-12-04T09:45:50","modified_gmt":"2025-12-04T08:45:50","slug":"sonka-kukorica-pizza-32-cm","status":"publish","type":"product","link":"https:\/\/pasakebab.hu\/tatabanya\/termek\/sonka-kukorica-pizza-32-cm\/","title":{"rendered":"28-Sonka-Kukorica pizza 32 cm"},"content":{"rendered":"","protected":false},"excerpt":{"rendered":"<p>Paradicsom sz\u00f3sz,sonka,kukorica ,sajt<\/p>\n","protected":false},"featured_media":18009,"template":"","meta":{"_acf_changed":false,"_monsterinsights_skip_tracking":false,"_monsterinsights_sitenote_active":false,"_monsterinsights_sitenote_note":"","_monsterinsights_sitenote_category":0},"product_brand":[],"product_cat":[347],"product_tag":[],"class_list":{"0":"post-3233","1":"product","2":"type-product","3":"status-publish","4":"has-post-thumbnail","6":"product_cat-32-cm-es-pizzak","8":"first","9":"instock","10":"shipping-taxable","11":"purchasable","12":"product-type-simple"},"yoast_head":"<!-- This site is optimized with the Yoast SEO plugin v26.8 - https:\/\/yoast.com\/product\/yoast-seo-wordpress\/ -->\n<title>28-Sonka-Kukorica pizza 32 cm - Pasa Kebab Tatab\u00e1nya<\/title>\n<meta name=\"robots\" content=\"index, follow, max-snippet:-1, max-image-preview:large, max-video-preview:-1\" \/>\n<link rel=\"canonical\" href=\"https:\/\/pasakebab.hu\/tatabanya\/termek\/sonka-kukorica-pizza-32-cm\/\" \/>\n<meta property=\"og:locale\" content=\"hu_HU\" \/>\n<meta property=\"og:type\" content=\"article\" \/>\n<meta property=\"og:title\" content=\"28-Sonka-Kukorica pizza 32 cm - Pasa Kebab Tatab\u00e1nya\" \/>\n<meta property=\"og:description\" content=\"Paradicsom sz\u00f3sz,sonka,kukorica ,sajt\" \/>\n<meta property=\"og:url\" content=\"https:\/\/pasakebab.hu\/tatabanya\/termek\/sonka-kukorica-pizza-32-cm\/\" \/>\n<meta property=\"og:site_name\" content=\"Pasa Kebab Tatab\u00e1nya\" \/>\n<meta property=\"article:publisher\" content=\"https:\/\/www.facebook.com\/pasa.kebab.nagymama\/\" \/>\n<meta property=\"article:modified_time\" content=\"2025-12-04T08:45:50+00:00\" \/>\n<meta property=\"og:image\" content=\"https:\/\/pasakebab.hu\/tatabanya\/wp-content\/uploads\/sites\/2\/2025\/05\/IMG_1772-scaled-1.jpeg\" \/>\n\t<meta property=\"og:image:width\" content=\"1920\" \/>\n\t<meta property=\"og:image:height\" content=\"2560\" \/>\n\t<meta property=\"og:image:type\" content=\"image\/jpeg\" \/>\n<meta name=\"twitter:card\" content=\"summary_large_image\" \/>\n<meta name=\"twitter:label1\" content=\"Becs\u00fclt olvas\u00e1si id\u0151\" \/>\n\t<meta name=\"twitter:data1\" content=\"1 perc\" \/>\n<script type=\"application\/ld+json\" class=\"yoast-schema-graph\">{\"@context\":\"https:\/\/schema.org\",\"@graph\":[{\"@type\":\"WebPage\",\"@id\":\"https:\/\/pasakebab.hu\/tatabanya\/termek\/sonka-kukorica-pizza-32-cm\/\",\"url\":\"https:\/\/pasakebab.hu\/tatabanya\/termek\/sonka-kukorica-pizza-32-cm\/\",\"name\":\"28-Sonka-Kukorica pizza 32 cm - Pasa Kebab Tatab\u00e1nya\",\"isPartOf\":{\"@id\":\"https:\/\/pasakebab.hu\/tatabanya\/#website\"},\"primaryImageOfPage\":{\"@id\":\"https:\/\/pasakebab.hu\/tatabanya\/termek\/sonka-kukorica-pizza-32-cm\/#primaryimage\"},\"image\":{\"@id\":\"https:\/\/pasakebab.hu\/tatabanya\/termek\/sonka-kukorica-pizza-32-cm\/#primaryimage\"},\"thumbnailUrl\":\"https:\/\/pasakebab.hu\/tatabanya\/wp-content\/uploads\/sites\/2\/2025\/05\/IMG_1772-scaled-1.jpeg\",\"datePublished\":\"2020-12-04T13:36:21+00:00\",\"dateModified\":\"2025-12-04T08:45:50+00:00\",\"breadcrumb\":{\"@id\":\"https:\/\/pasakebab.hu\/tatabanya\/termek\/sonka-kukorica-pizza-32-cm\/#breadcrumb\"},\"inLanguage\":\"hu\",\"potentialAction\":[{\"@type\":\"ReadAction\",\"target\":[\"https:\/\/pasakebab.hu\/tatabanya\/termek\/sonka-kukorica-pizza-32-cm\/\"]}]},{\"@type\":\"ImageObject\",\"inLanguage\":\"hu\",\"@id\":\"https:\/\/pasakebab.hu\/tatabanya\/termek\/sonka-kukorica-pizza-32-cm\/#primaryimage\",\"url\":\"https:\/\/pasakebab.hu\/tatabanya\/wp-content\/uploads\/sites\/2\/2025\/05\/IMG_1772-scaled-1.jpeg\",\"contentUrl\":\"https:\/\/pasakebab.hu\/tatabanya\/wp-content\/uploads\/sites\/2\/2025\/05\/IMG_1772-scaled-1.jpeg\",\"width\":1920,\"height\":2560},{\"@type\":\"BreadcrumbList\",\"@id\":\"https:\/\/pasakebab.hu\/tatabanya\/termek\/sonka-kukorica-pizza-32-cm\/#breadcrumb\",\"itemListElement\":[{\"@type\":\"ListItem\",\"position\":1,\"name\":\"Home\",\"item\":\"https:\/\/pasakebab.hu\/tatabanya\/\"},{\"@type\":\"ListItem\",\"position\":2,\"name\":\"\u00c9tel rendel\u00e9s\",\"item\":\"https:\/\/pasakebab.hu\/tatabanya\/\"},{\"@type\":\"ListItem\",\"position\":3,\"name\":\"28-Sonka-Kukorica pizza 32 cm\"}]},{\"@type\":\"WebSite\",\"@id\":\"https:\/\/pasakebab.hu\/tatabanya\/#website\",\"url\":\"https:\/\/pasakebab.hu\/tatabanya\/\",\"name\":\"Pasa Kebab Tatab\u00e1nya\",\"description\":\"Kebab, D\u00f6ner &amp; Pizza\",\"publisher\":{\"@id\":\"https:\/\/pasakebab.hu\/tatabanya\/#organization\"},\"potentialAction\":[{\"@type\":\"SearchAction\",\"target\":{\"@type\":\"EntryPoint\",\"urlTemplate\":\"https:\/\/pasakebab.hu\/tatabanya\/?s={search_term_string}\"},\"query-input\":{\"@type\":\"PropertyValueSpecification\",\"valueRequired\":true,\"valueName\":\"search_term_string\"}}],\"inLanguage\":\"hu\"},{\"@type\":\"Organization\",\"@id\":\"https:\/\/pasakebab.hu\/tatabanya\/#organization\",\"name\":\"Pasa Kebab D\u00f6ner & Pizza\",\"url\":\"https:\/\/pasakebab.hu\/tatabanya\/\",\"logo\":{\"@type\":\"ImageObject\",\"inLanguage\":\"hu\",\"@id\":\"https:\/\/pasakebab.hu\/tatabanya\/#\/schema\/logo\/image\/\",\"url\":\"https:\/\/pasakebab.hu\/tatabanya\/wp-content\/uploads\/sites\/2\/2020\/05\/pasakebab_logo_email.png\",\"contentUrl\":\"https:\/\/pasakebab.hu\/tatabanya\/wp-content\/uploads\/sites\/2\/2020\/05\/pasakebab_logo_email.png\",\"width\":500,\"height\":69,\"caption\":\"Pasa Kebab D\u00f6ner & Pizza\"},\"image\":{\"@id\":\"https:\/\/pasakebab.hu\/tatabanya\/#\/schema\/logo\/image\/\"},\"sameAs\":[\"https:\/\/www.facebook.com\/pasa.kebab.nagymama\/\",\"https:\/\/www.instagram.com\/pasakebab\/\"]}]}<\/script>\n<!-- \/ Yoast SEO plugin. -->","yoast_head_json":{"title":"28-Sonka-Kukorica pizza 32 cm - Pasa Kebab Tatab\u00e1nya","robots":{"index":"index","follow":"follow","max-snippet":"max-snippet:-1","max-image-preview":"max-image-preview:large","max-video-preview":"max-video-preview:-1"},"canonical":"https:\/\/pasakebab.hu\/tatabanya\/termek\/sonka-kukorica-pizza-32-cm\/","og_locale":"hu_HU","og_type":"article","og_title":"28-Sonka-Kukorica pizza 32 cm - Pasa Kebab Tatab\u00e1nya","og_description":"Paradicsom sz\u00f3sz,sonka,kukorica ,sajt","og_url":"https:\/\/pasakebab.hu\/tatabanya\/termek\/sonka-kukorica-pizza-32-cm\/","og_site_name":"Pasa Kebab Tatab\u00e1nya","article_publisher":"https:\/\/www.facebook.com\/pasa.kebab.nagymama\/","article_modified_time":"2025-12-04T08:45:50+00:00","og_image":[{"width":1920,"height":2560,"url":"https:\/\/pasakebab.hu\/tatabanya\/wp-content\/uploads\/sites\/2\/2025\/05\/IMG_1772-scaled-1.jpeg","type":"image\/jpeg"}],"twitter_card":"summary_large_image","twitter_misc":{"Becs\u00fclt olvas\u00e1si id\u0151":"1 perc"},"schema":{"@context":"https:\/\/schema.org","@graph":[{"@type":"WebPage","@id":"https:\/\/pasakebab.hu\/tatabanya\/termek\/sonka-kukorica-pizza-32-cm\/","url":"https:\/\/pasakebab.hu\/tatabanya\/termek\/sonka-kukorica-pizza-32-cm\/","name":"28-Sonka-Kukorica pizza 32 cm - Pasa Kebab Tatab\u00e1nya","isPartOf":{"@id":"https:\/\/pasakebab.hu\/tatabanya\/#website"},"primaryImageOfPage":{"@id":"https:\/\/pasakebab.hu\/tatabanya\/termek\/sonka-kukorica-pizza-32-cm\/#primaryimage"},"image":{"@id":"https:\/\/pasakebab.hu\/tatabanya\/termek\/sonka-kukorica-pizza-32-cm\/#primaryimage"},"thumbnailUrl":"https:\/\/pasakebab.hu\/tatabanya\/wp-content\/uploads\/sites\/2\/2025\/05\/IMG_1772-scaled-1.jpeg","datePublished":"2020-12-04T13:36:21+00:00","dateModified":"2025-12-04T08:45:50+00:00","breadcrumb":{"@id":"https:\/\/pasakebab.hu\/tatabanya\/termek\/sonka-kukorica-pizza-32-cm\/#breadcrumb"},"inLanguage":"hu","potentialAction":[{"@type":"ReadAction","target":["https:\/\/pasakebab.hu\/tatabanya\/termek\/sonka-kukorica-pizza-32-cm\/"]}]},{"@type":"ImageObject","inLanguage":"hu","@id":"https:\/\/pasakebab.hu\/tatabanya\/termek\/sonka-kukorica-pizza-32-cm\/#primaryimage","url":"https:\/\/pasakebab.hu\/tatabanya\/wp-content\/uploads\/sites\/2\/2025\/05\/IMG_1772-scaled-1.jpeg","contentUrl":"https:\/\/pasakebab.hu\/tatabanya\/wp-content\/uploads\/sites\/2\/2025\/05\/IMG_1772-scaled-1.jpeg","width":1920,"height":2560},{"@type":"BreadcrumbList","@id":"https:\/\/pasakebab.hu\/tatabanya\/termek\/sonka-kukorica-pizza-32-cm\/#breadcrumb","itemListElement":[{"@type":"ListItem","position":1,"name":"Home","item":"https:\/\/pasakebab.hu\/tatabanya\/"},{"@type":"ListItem","position":2,"name":"\u00c9tel rendel\u00e9s","item":"https:\/\/pasakebab.hu\/tatabanya\/"},{"@type":"ListItem","position":3,"name":"28-Sonka-Kukorica pizza 32 cm"}]},{"@type":"WebSite","@id":"https:\/\/pasakebab.hu\/tatabanya\/#website","url":"https:\/\/pasakebab.hu\/tatabanya\/","name":"Pasa Kebab Tatab\u00e1nya","description":"Kebab, D\u00f6ner &amp; Pizza","publisher":{"@id":"https:\/\/pasakebab.hu\/tatabanya\/#organization"},"potentialAction":[{"@type":"SearchAction","target":{"@type":"EntryPoint","urlTemplate":"https:\/\/pasakebab.hu\/tatabanya\/?s={search_term_string}"},"query-input":{"@type":"PropertyValueSpecification","valueRequired":true,"valueName":"search_term_string"}}],"inLanguage":"hu"},{"@type":"Organization","@id":"https:\/\/pasakebab.hu\/tatabanya\/#organization","name":"Pasa Kebab D\u00f6ner & Pizza","url":"https:\/\/pasakebab.hu\/tatabanya\/","logo":{"@type":"ImageObject","inLanguage":"hu","@id":"https:\/\/pasakebab.hu\/tatabanya\/#\/schema\/logo\/image\/","url":"https:\/\/pasakebab.hu\/tatabanya\/wp-content\/uploads\/sites\/2\/2020\/05\/pasakebab_logo_email.png","contentUrl":"https:\/\/pasakebab.hu\/tatabanya\/wp-content\/uploads\/sites\/2\/2020\/05\/pasakebab_logo_email.png","width":500,"height":69,"caption":"Pasa Kebab D\u00f6ner & Pizza"},"image":{"@id":"https:\/\/pasakebab.hu\/tatabanya\/#\/schema\/logo\/image\/"},"sameAs":["https:\/\/www.facebook.com\/pasa.kebab.nagymama\/","https:\/\/www.instagram.com\/pasakebab\/"]}]}},"acf":[],"_links":{"self":[{"href":"https:\/\/pasakebab.hu\/tatabanya\/wp-json\/wp\/v2\/product\/3233","targetHints":{"allow":["GET"]}}],"collection":[{"href":"https:\/\/pasakebab.hu\/tatabanya\/wp-json\/wp\/v2\/product"}],"about":[{"href":"https:\/\/pasakebab.hu\/tatabanya\/wp-json\/wp\/v2\/types\/product"}],"wp:featuredmedia":[{"embeddable":true,"href":"https:\/\/pasakebab.hu\/tatabanya\/wp-json\/wp\/v2\/media\/18009"}],"wp:attachment":[{"href":"https:\/\/pasakebab.hu\/tatabanya\/wp-json\/wp\/v2\/media?parent=3233"}],"wp:term":[{"taxonomy":"product_brand","embeddable":true,"href":"https:\/\/pasakebab.hu\/tatabanya\/wp-json\/wp\/v2\/product_brand?post=3233"},{"taxonomy":"product_cat","embeddable":true,"href":"https:\/\/pasakebab.hu\/tatabanya\/wp-json\/wp\/v2\/product_cat?post=3233"},{"taxonomy":"product_tag","embeddable":true,"href":"https:\/\/pasakebab.hu\/tatabanya\/wp-json\/wp\/v2\/product_tag?post=3233"}],"curies":[{"name":"wp","href":"https:\/\/api.w.org\/{rel}","templated":true}]}}