{"id":5474,"date":"2021-03-23T11:06:14","date_gmt":"2021-03-23T10:06:14","guid":{"rendered":"https:\/\/pasakebab.hu\/tatabanya\/?post_type=product&#038;p=5474"},"modified":"2026-01-07T18:10:29","modified_gmt":"2026-01-07T17:10:29","slug":"rantott-sajtos-kebabtal-menu","status":"publish","type":"product","link":"https:\/\/pasakebab.hu\/tatabanya\/termek\/rantott-sajtos-kebabtal-menu\/","title":{"rendered":"R\u00e1ntott sajtos kebabt\u00e1l men\u00fc"},"content":{"rendered":"","protected":false},"excerpt":{"rendered":"<p>A forr\u00f3 r\u00e1ntott sajtot k\u00f6rettel, speci\u00e1lis sz\u00f3sszal \u00e9s friss z\u00f6lds\u00e9gekkel (sal\u00e1ta,paradicsom,k\u00e1poszta, lilahagyma, uborka) t\u00e1laljuk, cs\u00edp\u0151s chili paprik\u00e1val f\u0171szerezz\u00fck.<\/p>\n<p>A men\u00fc tartalmazza a v\u00e1lasztott kebabt\u00e1lat, \u00fcd\u00edt\u0151t \u00e9s deszertet!<\/p>\n","protected":false},"featured_media":17963,"template":"","meta":{"_acf_changed":false,"_monsterinsights_skip_tracking":false,"_monsterinsights_sitenote_active":false,"_monsterinsights_sitenote_note":"","_monsterinsights_sitenote_category":0},"product_brand":[],"product_cat":[357],"product_tag":[],"class_list":{"0":"post-5474","1":"product","2":"type-product","3":"status-publish","4":"has-post-thumbnail","6":"product_cat-kebabtal-menu","8":"first","9":"instock","10":"shipping-taxable","11":"purchasable","12":"product-type-simple"},"yoast_head":"<!-- This site is optimized with the Yoast SEO plugin v26.8 - https:\/\/yoast.com\/product\/yoast-seo-wordpress\/ -->\n<title>R\u00e1ntott sajtos kebabt\u00e1l men\u00fc - Pasa Kebab Tatab\u00e1nya<\/title>\n<meta name=\"robots\" content=\"index, follow, max-snippet:-1, max-image-preview:large, max-video-preview:-1\" \/>\n<link rel=\"canonical\" href=\"https:\/\/pasakebab.hu\/tatabanya\/termek\/rantott-sajtos-kebabtal-menu\/\" \/>\n<meta property=\"og:locale\" content=\"hu_HU\" \/>\n<meta property=\"og:type\" content=\"article\" \/>\n<meta property=\"og:title\" content=\"R\u00e1ntott sajtos kebabt\u00e1l men\u00fc - Pasa Kebab Tatab\u00e1nya\" \/>\n<meta property=\"og:description\" content=\"A forr\u00f3 r\u00e1ntott sajtot k\u00f6rettel, speci\u00e1lis sz\u00f3sszal \u00e9s friss z\u00f6lds\u00e9gekkel (sal\u00e1ta,paradicsom,k\u00e1poszta, lilahagyma, uborka) t\u00e1laljuk, cs\u00edp\u0151s chili paprik\u00e1val f\u0171szerezz\u00fck.  A men\u00fc tartalmazza a v\u00e1lasztott kebabt\u00e1lat, \u00fcd\u00edt\u0151t \u00e9s deszertet!\" \/>\n<meta property=\"og:url\" content=\"https:\/\/pasakebab.hu\/tatabanya\/termek\/rantott-sajtos-kebabtal-menu\/\" \/>\n<meta property=\"og:site_name\" content=\"Pasa Kebab Tatab\u00e1nya\" \/>\n<meta property=\"article:publisher\" content=\"https:\/\/www.facebook.com\/pasa.kebab.nagymama\/\" \/>\n<meta property=\"article:modified_time\" content=\"2026-01-07T17:10:29+00:00\" \/>\n<meta property=\"og:image\" content=\"https:\/\/pasakebab.hu\/tatabanya\/wp-content\/uploads\/sites\/2\/2025\/05\/IMG_0982.jpeg\" \/>\n\t<meta property=\"og:image:width\" content=\"1864\" \/>\n\t<meta property=\"og:image:height\" content=\"1356\" \/>\n\t<meta property=\"og:image:type\" content=\"image\/jpeg\" \/>\n<meta name=\"twitter:card\" content=\"summary_large_image\" \/>\n<meta name=\"twitter:label1\" content=\"Becs\u00fclt olvas\u00e1si id\u0151\" \/>\n\t<meta name=\"twitter:data1\" content=\"1 perc\" \/>\n<script type=\"application\/ld+json\" class=\"yoast-schema-graph\">{\"@context\":\"https:\/\/schema.org\",\"@graph\":[{\"@type\":\"WebPage\",\"@id\":\"https:\/\/pasakebab.hu\/tatabanya\/termek\/rantott-sajtos-kebabtal-menu\/\",\"url\":\"https:\/\/pasakebab.hu\/tatabanya\/termek\/rantott-sajtos-kebabtal-menu\/\",\"name\":\"R\u00e1ntott sajtos kebabt\u00e1l men\u00fc - Pasa Kebab Tatab\u00e1nya\",\"isPartOf\":{\"@id\":\"https:\/\/pasakebab.hu\/tatabanya\/#website\"},\"primaryImageOfPage\":{\"@id\":\"https:\/\/pasakebab.hu\/tatabanya\/termek\/rantott-sajtos-kebabtal-menu\/#primaryimage\"},\"image\":{\"@id\":\"https:\/\/pasakebab.hu\/tatabanya\/termek\/rantott-sajtos-kebabtal-menu\/#primaryimage\"},\"thumbnailUrl\":\"https:\/\/pasakebab.hu\/tatabanya\/wp-content\/uploads\/sites\/2\/2025\/05\/IMG_0982.jpeg\",\"datePublished\":\"2021-03-23T10:06:14+00:00\",\"dateModified\":\"2026-01-07T17:10:29+00:00\",\"breadcrumb\":{\"@id\":\"https:\/\/pasakebab.hu\/tatabanya\/termek\/rantott-sajtos-kebabtal-menu\/#breadcrumb\"},\"inLanguage\":\"hu\",\"potentialAction\":[{\"@type\":\"ReadAction\",\"target\":[\"https:\/\/pasakebab.hu\/tatabanya\/termek\/rantott-sajtos-kebabtal-menu\/\"]}]},{\"@type\":\"ImageObject\",\"inLanguage\":\"hu\",\"@id\":\"https:\/\/pasakebab.hu\/tatabanya\/termek\/rantott-sajtos-kebabtal-menu\/#primaryimage\",\"url\":\"https:\/\/pasakebab.hu\/tatabanya\/wp-content\/uploads\/sites\/2\/2025\/05\/IMG_0982.jpeg\",\"contentUrl\":\"https:\/\/pasakebab.hu\/tatabanya\/wp-content\/uploads\/sites\/2\/2025\/05\/IMG_0982.jpeg\",\"width\":1864,\"height\":1356},{\"@type\":\"BreadcrumbList\",\"@id\":\"https:\/\/pasakebab.hu\/tatabanya\/termek\/rantott-sajtos-kebabtal-menu\/#breadcrumb\",\"itemListElement\":[{\"@type\":\"ListItem\",\"position\":1,\"name\":\"Home\",\"item\":\"https:\/\/pasakebab.hu\/tatabanya\/\"},{\"@type\":\"ListItem\",\"position\":2,\"name\":\"\u00c9tel rendel\u00e9s\",\"item\":\"https:\/\/pasakebab.hu\/tatabanya\/\"},{\"@type\":\"ListItem\",\"position\":3,\"name\":\"R\u00e1ntott sajtos kebabt\u00e1l men\u00fc\"}]},{\"@type\":\"WebSite\",\"@id\":\"https:\/\/pasakebab.hu\/tatabanya\/#website\",\"url\":\"https:\/\/pasakebab.hu\/tatabanya\/\",\"name\":\"Pasa Kebab Tatab\u00e1nya\",\"description\":\"Kebab, D\u00f6ner &amp; Pizza\",\"publisher\":{\"@id\":\"https:\/\/pasakebab.hu\/tatabanya\/#organization\"},\"potentialAction\":[{\"@type\":\"SearchAction\",\"target\":{\"@type\":\"EntryPoint\",\"urlTemplate\":\"https:\/\/pasakebab.hu\/tatabanya\/?s={search_term_string}\"},\"query-input\":{\"@type\":\"PropertyValueSpecification\",\"valueRequired\":true,\"valueName\":\"search_term_string\"}}],\"inLanguage\":\"hu\"},{\"@type\":\"Organization\",\"@id\":\"https:\/\/pasakebab.hu\/tatabanya\/#organization\",\"name\":\"Pasa Kebab D\u00f6ner & Pizza\",\"url\":\"https:\/\/pasakebab.hu\/tatabanya\/\",\"logo\":{\"@type\":\"ImageObject\",\"inLanguage\":\"hu\",\"@id\":\"https:\/\/pasakebab.hu\/tatabanya\/#\/schema\/logo\/image\/\",\"url\":\"https:\/\/pasakebab.hu\/tatabanya\/wp-content\/uploads\/sites\/2\/2020\/05\/pasakebab_logo_email.png\",\"contentUrl\":\"https:\/\/pasakebab.hu\/tatabanya\/wp-content\/uploads\/sites\/2\/2020\/05\/pasakebab_logo_email.png\",\"width\":500,\"height\":69,\"caption\":\"Pasa Kebab D\u00f6ner & Pizza\"},\"image\":{\"@id\":\"https:\/\/pasakebab.hu\/tatabanya\/#\/schema\/logo\/image\/\"},\"sameAs\":[\"https:\/\/www.facebook.com\/pasa.kebab.nagymama\/\",\"https:\/\/www.instagram.com\/pasakebab\/\"]}]}<\/script>\n<!-- \/ Yoast SEO plugin. -->","yoast_head_json":{"title":"R\u00e1ntott sajtos kebabt\u00e1l men\u00fc - Pasa Kebab Tatab\u00e1nya","robots":{"index":"index","follow":"follow","max-snippet":"max-snippet:-1","max-image-preview":"max-image-preview:large","max-video-preview":"max-video-preview:-1"},"canonical":"https:\/\/pasakebab.hu\/tatabanya\/termek\/rantott-sajtos-kebabtal-menu\/","og_locale":"hu_HU","og_type":"article","og_title":"R\u00e1ntott sajtos kebabt\u00e1l men\u00fc - Pasa Kebab Tatab\u00e1nya","og_description":"A forr\u00f3 r\u00e1ntott sajtot k\u00f6rettel, speci\u00e1lis sz\u00f3sszal \u00e9s friss z\u00f6lds\u00e9gekkel (sal\u00e1ta,paradicsom,k\u00e1poszta, lilahagyma, uborka) t\u00e1laljuk, cs\u00edp\u0151s chili paprik\u00e1val f\u0171szerezz\u00fck.  A men\u00fc tartalmazza a v\u00e1lasztott kebabt\u00e1lat, \u00fcd\u00edt\u0151t \u00e9s deszertet!","og_url":"https:\/\/pasakebab.hu\/tatabanya\/termek\/rantott-sajtos-kebabtal-menu\/","og_site_name":"Pasa Kebab Tatab\u00e1nya","article_publisher":"https:\/\/www.facebook.com\/pasa.kebab.nagymama\/","article_modified_time":"2026-01-07T17:10:29+00:00","og_image":[{"width":1864,"height":1356,"url":"https:\/\/pasakebab.hu\/tatabanya\/wp-content\/uploads\/sites\/2\/2025\/05\/IMG_0982.jpeg","type":"image\/jpeg"}],"twitter_card":"summary_large_image","twitter_misc":{"Becs\u00fclt olvas\u00e1si id\u0151":"1 perc"},"schema":{"@context":"https:\/\/schema.org","@graph":[{"@type":"WebPage","@id":"https:\/\/pasakebab.hu\/tatabanya\/termek\/rantott-sajtos-kebabtal-menu\/","url":"https:\/\/pasakebab.hu\/tatabanya\/termek\/rantott-sajtos-kebabtal-menu\/","name":"R\u00e1ntott sajtos kebabt\u00e1l men\u00fc - Pasa Kebab Tatab\u00e1nya","isPartOf":{"@id":"https:\/\/pasakebab.hu\/tatabanya\/#website"},"primaryImageOfPage":{"@id":"https:\/\/pasakebab.hu\/tatabanya\/termek\/rantott-sajtos-kebabtal-menu\/#primaryimage"},"image":{"@id":"https:\/\/pasakebab.hu\/tatabanya\/termek\/rantott-sajtos-kebabtal-menu\/#primaryimage"},"thumbnailUrl":"https:\/\/pasakebab.hu\/tatabanya\/wp-content\/uploads\/sites\/2\/2025\/05\/IMG_0982.jpeg","datePublished":"2021-03-23T10:06:14+00:00","dateModified":"2026-01-07T17:10:29+00:00","breadcrumb":{"@id":"https:\/\/pasakebab.hu\/tatabanya\/termek\/rantott-sajtos-kebabtal-menu\/#breadcrumb"},"inLanguage":"hu","potentialAction":[{"@type":"ReadAction","target":["https:\/\/pasakebab.hu\/tatabanya\/termek\/rantott-sajtos-kebabtal-menu\/"]}]},{"@type":"ImageObject","inLanguage":"hu","@id":"https:\/\/pasakebab.hu\/tatabanya\/termek\/rantott-sajtos-kebabtal-menu\/#primaryimage","url":"https:\/\/pasakebab.hu\/tatabanya\/wp-content\/uploads\/sites\/2\/2025\/05\/IMG_0982.jpeg","contentUrl":"https:\/\/pasakebab.hu\/tatabanya\/wp-content\/uploads\/sites\/2\/2025\/05\/IMG_0982.jpeg","width":1864,"height":1356},{"@type":"BreadcrumbList","@id":"https:\/\/pasakebab.hu\/tatabanya\/termek\/rantott-sajtos-kebabtal-menu\/#breadcrumb","itemListElement":[{"@type":"ListItem","position":1,"name":"Home","item":"https:\/\/pasakebab.hu\/tatabanya\/"},{"@type":"ListItem","position":2,"name":"\u00c9tel rendel\u00e9s","item":"https:\/\/pasakebab.hu\/tatabanya\/"},{"@type":"ListItem","position":3,"name":"R\u00e1ntott sajtos kebabt\u00e1l men\u00fc"}]},{"@type":"WebSite","@id":"https:\/\/pasakebab.hu\/tatabanya\/#website","url":"https:\/\/pasakebab.hu\/tatabanya\/","name":"Pasa Kebab Tatab\u00e1nya","description":"Kebab, D\u00f6ner &amp; Pizza","publisher":{"@id":"https:\/\/pasakebab.hu\/tatabanya\/#organization"},"potentialAction":[{"@type":"SearchAction","target":{"@type":"EntryPoint","urlTemplate":"https:\/\/pasakebab.hu\/tatabanya\/?s={search_term_string}"},"query-input":{"@type":"PropertyValueSpecification","valueRequired":true,"valueName":"search_term_string"}}],"inLanguage":"hu"},{"@type":"Organization","@id":"https:\/\/pasakebab.hu\/tatabanya\/#organization","name":"Pasa Kebab D\u00f6ner & Pizza","url":"https:\/\/pasakebab.hu\/tatabanya\/","logo":{"@type":"ImageObject","inLanguage":"hu","@id":"https:\/\/pasakebab.hu\/tatabanya\/#\/schema\/logo\/image\/","url":"https:\/\/pasakebab.hu\/tatabanya\/wp-content\/uploads\/sites\/2\/2020\/05\/pasakebab_logo_email.png","contentUrl":"https:\/\/pasakebab.hu\/tatabanya\/wp-content\/uploads\/sites\/2\/2020\/05\/pasakebab_logo_email.png","width":500,"height":69,"caption":"Pasa Kebab D\u00f6ner & Pizza"},"image":{"@id":"https:\/\/pasakebab.hu\/tatabanya\/#\/schema\/logo\/image\/"},"sameAs":["https:\/\/www.facebook.com\/pasa.kebab.nagymama\/","https:\/\/www.instagram.com\/pasakebab\/"]}]}},"acf":[],"_links":{"self":[{"href":"https:\/\/pasakebab.hu\/tatabanya\/wp-json\/wp\/v2\/product\/5474","targetHints":{"allow":["GET"]}}],"collection":[{"href":"https:\/\/pasakebab.hu\/tatabanya\/wp-json\/wp\/v2\/product"}],"about":[{"href":"https:\/\/pasakebab.hu\/tatabanya\/wp-json\/wp\/v2\/types\/product"}],"wp:featuredmedia":[{"embeddable":true,"href":"https:\/\/pasakebab.hu\/tatabanya\/wp-json\/wp\/v2\/media\/17963"}],"wp:attachment":[{"href":"https:\/\/pasakebab.hu\/tatabanya\/wp-json\/wp\/v2\/media?parent=5474"}],"wp:term":[{"taxonomy":"product_brand","embeddable":true,"href":"https:\/\/pasakebab.hu\/tatabanya\/wp-json\/wp\/v2\/product_brand?post=5474"},{"taxonomy":"product_cat","embeddable":true,"href":"https:\/\/pasakebab.hu\/tatabanya\/wp-json\/wp\/v2\/product_cat?post=5474"},{"taxonomy":"product_tag","embeddable":true,"href":"https:\/\/pasakebab.hu\/tatabanya\/wp-json\/wp\/v2\/product_tag?post=5474"}],"curies":[{"name":"wp","href":"https:\/\/api.w.org\/{rel}","templated":true}]}}