{"id":5637,"date":"2021-03-24T22:18:09","date_gmt":"2021-03-24T21:18:09","guid":{"rendered":"https:\/\/pasakebab.hu\/tatabanya\/termek\/tenger-gyumolcsei-spagetti\/"},"modified":"2026-04-03T10:48:35","modified_gmt":"2026-04-03T08:48:35","slug":"tenger-gyumolcsei-spagetti","status":"publish","type":"product","link":"https:\/\/pasakebab.hu\/tatabanya\/termek\/tenger-gyumolcsei-spagetti\/","title":{"rendered":"Tenger gy\u00fcm\u00f6lcsei spagetti"},"content":{"rendered":"","protected":false},"excerpt":{"rendered":"","protected":false},"featured_media":0,"template":"","meta":{"_acf_changed":false,"_monsterinsights_skip_tracking":false,"_monsterinsights_sitenote_active":false,"_monsterinsights_sitenote_note":"","_monsterinsights_sitenote_category":0},"product_brand":[],"product_cat":[373],"product_tag":[],"class_list":{"0":"post-5637","1":"product","2":"type-product","3":"status-publish","5":"product_cat-tesztak","7":"first","8":"instock","9":"shipping-taxable","10":"purchasable","11":"product-type-simple"},"yoast_head":"<!-- This site is optimized with the Yoast SEO plugin v26.8 - https:\/\/yoast.com\/product\/yoast-seo-wordpress\/ -->\n<title>Tenger gy\u00fcm\u00f6lcsei spagetti - Pasa Kebab Tatab\u00e1nya<\/title>\n<meta name=\"robots\" content=\"index, follow, max-snippet:-1, max-image-preview:large, max-video-preview:-1\" \/>\n<link rel=\"canonical\" href=\"https:\/\/pasakebab.hu\/tatabanya\/termek\/tenger-gyumolcsei-spagetti\/\" \/>\n<meta property=\"og:locale\" content=\"hu_HU\" \/>\n<meta property=\"og:type\" content=\"article\" \/>\n<meta property=\"og:title\" content=\"Tenger gy\u00fcm\u00f6lcsei spagetti - Pasa Kebab Tatab\u00e1nya\" \/>\n<meta property=\"og:url\" content=\"https:\/\/pasakebab.hu\/tatabanya\/termek\/tenger-gyumolcsei-spagetti\/\" \/>\n<meta property=\"og:site_name\" content=\"Pasa Kebab Tatab\u00e1nya\" \/>\n<meta property=\"article:publisher\" content=\"https:\/\/www.facebook.com\/pasa.kebab.nagymama\/\" \/>\n<meta property=\"article:modified_time\" content=\"2026-04-03T08:48:35+00:00\" \/>\n<meta name=\"twitter:card\" content=\"summary_large_image\" \/>\n<script type=\"application\/ld+json\" class=\"yoast-schema-graph\">{\"@context\":\"https:\/\/schema.org\",\"@graph\":[{\"@type\":\"WebPage\",\"@id\":\"https:\/\/pasakebab.hu\/tatabanya\/termek\/tenger-gyumolcsei-spagetti\/\",\"url\":\"https:\/\/pasakebab.hu\/tatabanya\/termek\/tenger-gyumolcsei-spagetti\/\",\"name\":\"Tenger gy\u00fcm\u00f6lcsei spagetti - Pasa Kebab Tatab\u00e1nya\",\"isPartOf\":{\"@id\":\"https:\/\/pasakebab.hu\/tatabanya\/#website\"},\"datePublished\":\"2021-03-24T21:18:09+00:00\",\"dateModified\":\"2026-04-03T08:48:35+00:00\",\"breadcrumb\":{\"@id\":\"https:\/\/pasakebab.hu\/tatabanya\/termek\/tenger-gyumolcsei-spagetti\/#breadcrumb\"},\"inLanguage\":\"hu\",\"potentialAction\":[{\"@type\":\"ReadAction\",\"target\":[\"https:\/\/pasakebab.hu\/tatabanya\/termek\/tenger-gyumolcsei-spagetti\/\"]}]},{\"@type\":\"BreadcrumbList\",\"@id\":\"https:\/\/pasakebab.hu\/tatabanya\/termek\/tenger-gyumolcsei-spagetti\/#breadcrumb\",\"itemListElement\":[{\"@type\":\"ListItem\",\"position\":1,\"name\":\"Home\",\"item\":\"https:\/\/pasakebab.hu\/tatabanya\/\"},{\"@type\":\"ListItem\",\"position\":2,\"name\":\"\u00c9tel rendel\u00e9s\",\"item\":\"https:\/\/pasakebab.hu\/tatabanya\/\"},{\"@type\":\"ListItem\",\"position\":3,\"name\":\"Tenger gy\u00fcm\u00f6lcsei spagetti\"}]},{\"@type\":\"WebSite\",\"@id\":\"https:\/\/pasakebab.hu\/tatabanya\/#website\",\"url\":\"https:\/\/pasakebab.hu\/tatabanya\/\",\"name\":\"Pasa Kebab Tatab\u00e1nya\",\"description\":\"Kebab, D\u00f6ner &amp; Pizza\",\"publisher\":{\"@id\":\"https:\/\/pasakebab.hu\/tatabanya\/#organization\"},\"potentialAction\":[{\"@type\":\"SearchAction\",\"target\":{\"@type\":\"EntryPoint\",\"urlTemplate\":\"https:\/\/pasakebab.hu\/tatabanya\/?s={search_term_string}\"},\"query-input\":{\"@type\":\"PropertyValueSpecification\",\"valueRequired\":true,\"valueName\":\"search_term_string\"}}],\"inLanguage\":\"hu\"},{\"@type\":\"Organization\",\"@id\":\"https:\/\/pasakebab.hu\/tatabanya\/#organization\",\"name\":\"Pasa Kebab D\u00f6ner & Pizza\",\"url\":\"https:\/\/pasakebab.hu\/tatabanya\/\",\"logo\":{\"@type\":\"ImageObject\",\"inLanguage\":\"hu\",\"@id\":\"https:\/\/pasakebab.hu\/tatabanya\/#\/schema\/logo\/image\/\",\"url\":\"https:\/\/pasakebab.hu\/tatabanya\/wp-content\/uploads\/sites\/2\/2020\/05\/pasakebab_logo_email.png\",\"contentUrl\":\"https:\/\/pasakebab.hu\/tatabanya\/wp-content\/uploads\/sites\/2\/2020\/05\/pasakebab_logo_email.png\",\"width\":500,\"height\":69,\"caption\":\"Pasa Kebab D\u00f6ner & Pizza\"},\"image\":{\"@id\":\"https:\/\/pasakebab.hu\/tatabanya\/#\/schema\/logo\/image\/\"},\"sameAs\":[\"https:\/\/www.facebook.com\/pasa.kebab.nagymama\/\",\"https:\/\/www.instagram.com\/pasakebab\/\"]}]}<\/script>\n<!-- \/ Yoast SEO plugin. -->","yoast_head_json":{"title":"Tenger gy\u00fcm\u00f6lcsei spagetti - Pasa Kebab Tatab\u00e1nya","robots":{"index":"index","follow":"follow","max-snippet":"max-snippet:-1","max-image-preview":"max-image-preview:large","max-video-preview":"max-video-preview:-1"},"canonical":"https:\/\/pasakebab.hu\/tatabanya\/termek\/tenger-gyumolcsei-spagetti\/","og_locale":"hu_HU","og_type":"article","og_title":"Tenger gy\u00fcm\u00f6lcsei spagetti - Pasa Kebab Tatab\u00e1nya","og_url":"https:\/\/pasakebab.hu\/tatabanya\/termek\/tenger-gyumolcsei-spagetti\/","og_site_name":"Pasa Kebab Tatab\u00e1nya","article_publisher":"https:\/\/www.facebook.com\/pasa.kebab.nagymama\/","article_modified_time":"2026-04-03T08:48:35+00:00","twitter_card":"summary_large_image","schema":{"@context":"https:\/\/schema.org","@graph":[{"@type":"WebPage","@id":"https:\/\/pasakebab.hu\/tatabanya\/termek\/tenger-gyumolcsei-spagetti\/","url":"https:\/\/pasakebab.hu\/tatabanya\/termek\/tenger-gyumolcsei-spagetti\/","name":"Tenger gy\u00fcm\u00f6lcsei spagetti - Pasa Kebab Tatab\u00e1nya","isPartOf":{"@id":"https:\/\/pasakebab.hu\/tatabanya\/#website"},"datePublished":"2021-03-24T21:18:09+00:00","dateModified":"2026-04-03T08:48:35+00:00","breadcrumb":{"@id":"https:\/\/pasakebab.hu\/tatabanya\/termek\/tenger-gyumolcsei-spagetti\/#breadcrumb"},"inLanguage":"hu","potentialAction":[{"@type":"ReadAction","target":["https:\/\/pasakebab.hu\/tatabanya\/termek\/tenger-gyumolcsei-spagetti\/"]}]},{"@type":"BreadcrumbList","@id":"https:\/\/pasakebab.hu\/tatabanya\/termek\/tenger-gyumolcsei-spagetti\/#breadcrumb","itemListElement":[{"@type":"ListItem","position":1,"name":"Home","item":"https:\/\/pasakebab.hu\/tatabanya\/"},{"@type":"ListItem","position":2,"name":"\u00c9tel rendel\u00e9s","item":"https:\/\/pasakebab.hu\/tatabanya\/"},{"@type":"ListItem","position":3,"name":"Tenger gy\u00fcm\u00f6lcsei spagetti"}]},{"@type":"WebSite","@id":"https:\/\/pasakebab.hu\/tatabanya\/#website","url":"https:\/\/pasakebab.hu\/tatabanya\/","name":"Pasa Kebab Tatab\u00e1nya","description":"Kebab, D\u00f6ner &amp; Pizza","publisher":{"@id":"https:\/\/pasakebab.hu\/tatabanya\/#organization"},"potentialAction":[{"@type":"SearchAction","target":{"@type":"EntryPoint","urlTemplate":"https:\/\/pasakebab.hu\/tatabanya\/?s={search_term_string}"},"query-input":{"@type":"PropertyValueSpecification","valueRequired":true,"valueName":"search_term_string"}}],"inLanguage":"hu"},{"@type":"Organization","@id":"https:\/\/pasakebab.hu\/tatabanya\/#organization","name":"Pasa Kebab D\u00f6ner & Pizza","url":"https:\/\/pasakebab.hu\/tatabanya\/","logo":{"@type":"ImageObject","inLanguage":"hu","@id":"https:\/\/pasakebab.hu\/tatabanya\/#\/schema\/logo\/image\/","url":"https:\/\/pasakebab.hu\/tatabanya\/wp-content\/uploads\/sites\/2\/2020\/05\/pasakebab_logo_email.png","contentUrl":"https:\/\/pasakebab.hu\/tatabanya\/wp-content\/uploads\/sites\/2\/2020\/05\/pasakebab_logo_email.png","width":500,"height":69,"caption":"Pasa Kebab D\u00f6ner & Pizza"},"image":{"@id":"https:\/\/pasakebab.hu\/tatabanya\/#\/schema\/logo\/image\/"},"sameAs":["https:\/\/www.facebook.com\/pasa.kebab.nagymama\/","https:\/\/www.instagram.com\/pasakebab\/"]}]}},"acf":[],"_links":{"self":[{"href":"https:\/\/pasakebab.hu\/tatabanya\/wp-json\/wp\/v2\/product\/5637","targetHints":{"allow":["GET"]}}],"collection":[{"href":"https:\/\/pasakebab.hu\/tatabanya\/wp-json\/wp\/v2\/product"}],"about":[{"href":"https:\/\/pasakebab.hu\/tatabanya\/wp-json\/wp\/v2\/types\/product"}],"wp:attachment":[{"href":"https:\/\/pasakebab.hu\/tatabanya\/wp-json\/wp\/v2\/media?parent=5637"}],"wp:term":[{"taxonomy":"product_brand","embeddable":true,"href":"https:\/\/pasakebab.hu\/tatabanya\/wp-json\/wp\/v2\/product_brand?post=5637"},{"taxonomy":"product_cat","embeddable":true,"href":"https:\/\/pasakebab.hu\/tatabanya\/wp-json\/wp\/v2\/product_cat?post=5637"},{"taxonomy":"product_tag","embeddable":true,"href":"https:\/\/pasakebab.hu\/tatabanya\/wp-json\/wp\/v2\/product_tag?post=5637"}],"curies":[{"name":"wp","href":"https:\/\/api.w.org\/{rel}","templated":true}]}}